{"id":3773,"date":"2015-05-12T07:37:42","date_gmt":"2015-05-12T11:37:42","guid":{"rendered":"http:\/\/thelibreinstitute.org\/home\/"},"modified":"2026-04-10T14:54:29","modified_gmt":"2026-04-10T18:54:29","slug":"home","status":"publish","type":"page","link":"https:\/\/thelibreinstitute.org\/es\/","title":{"rendered":"Inicio"},"content":{"rendered":"<p>[vc_row no_margin=\u00bbtrue\u00bb padding_top=\u00bb0px\u00bb padding_bottom=\u00bb40px\u00bb border=\u00bbnone\u00bb bg_video=\u00bb\u00bb class=\u00bb\u00bb style=\u00bb\u00bb][vc_column fade_animation_offset=\u00bb45px\u00bb width=\u00bb1\/1&#8243;][rev_slider_vc alias=\u00bbhome\u00bb][\/vc_column][\/vc_row][vc_row padding_top=\u00bb0px\u00bb padding_bottom=\u00bb10px\u00bb border=\u00bbnone\u00bb bg_color=\u00bb#fec00f\u00bb class=\u00bbhomepage-signup-box\u00bb bg_video=\u00bb\u00bb style=\u00bb\u00bb][vc_column fade_animation=\u00bbin\u00bb fade_animation_offset=\u00bb45px\u00bb width=\u00bb1\/1&#8243; id=\u00bbcall-to-action\u00bb][vc_raw_html]JTNDc3R5bGUlM0UlMEEuZ2ZpZWxkX3JlcXVpcmVkJTIwJTdCJTIwZGlzcGxheSUzQSUyMG5vbmUlM0IlMjAlN0QlMEEuZ2Zvcm1fYnV0dG9uJTIwJTdCJTBBJTIwJTIwJTIwJTIwYmFja2dyb3VuZC1jb2xvciUzQSUyMCUyMzMwODliNiUyMCUyMWltcG9ydGFudCUzQiUwQSUyMCUyMCUyMCUyMHRleHQtc2hhZG93JTNBJTIwbm9uZSUyMCUyMWltcG9ydGFudCUzQiUwQSUyMCUyMCUyMCUyMGNvbG9yJTNBJTIwd2hpdGUlMjAlMjFpbXBvcnRhbnQlM0IlMEElMjAlMjAlMjAlMjB3aWR0aCUzQSUyMDEwMCUyNSUyMCUyMWltcG9ydGFudCUzQiUwQSUyMCUyMCUyMCUyMHRvcCUzQSUyMC01cHglMjAlMjFpbXBvcnRhbnQlM0IlMEElN0QlMEElM0MlMkZzdHlsZSUzRSUwQSUzQ2RpdiUyMGNsYXNzJTNEJTIyaG9tZXBhZ2Utc2lnbnVwLWJveCUyMiUzRSUwQSUyMCUyMCUzQ2RpdiUyMGlkJTNEJTIyaG9tZXBhZ2Utc2lnbnVwLWRlc2NyaXB0aW9uJTIyJTNFU3Vic2NyJUMzJUFEYmFzZSUyMFBhcmElMjBSZWNpYmlyJTNDYnIlMjAlMkYlM0VBbGVydGFzJTIwRWxlY3RyJUMzJUIzbmljYXMlMjBQb3IlMjBFbWFpbCUzQyUyRmRpdiUzRSUwQSUyMCUyMCUzQ2RpdiUyMGlkJTNEJTIydGZhXzAlMjIlM0UlNUJncmF2aXR5Zm9ybSUyMGlkJTNEJTIyMjElMjIlMjB0aXRsZSUzRCUyMmZhbHNlJTIyJTIwZGVzY3JpcHRpb24lM0QlMjJmYWxzZSUyMiU1RCUzQyUyRmRpdiUzRSUwQSUzQyUyRmRpdiUzRSUwQSUzQyUyMS0tJTIwRmFjZWJvb2slMjBDb252ZXJzaW9uJTIwQ29kZSUyMGZvciUyMEMzJTIwV2Vic2l0ZV9MYW5kaW5nJTIwUGFnZSUyMFZpc2l0cyUyMC0tJTNFJTBBJTNDc2NyaXB0JTNFJTI4ZnVuY3Rpb24lMjglMjklMjAlN0IlMEF2YXIlMjBfZmJxJTIwJTNEJTIwd2luZG93Ll9mYnElMjAlN0MlN0MlMjAlMjh3aW5kb3cuX2ZicSUyMCUzRCUyMCU1QiU1RCUyOSUzQiUwQWlmJTIwJTI4JTIxX2ZicS5sb2FkZWQlMjklMjAlN0IlMEF2YXIlMjBmYmRzJTIwJTNEJTIwZG9jdW1lbnQuY3JlYXRlRWxlbWVudCUyOCUyN3NjcmlwdCUyNyUyOSUzQiUwQWZiZHMuYXN5bmMlMjAlM0QlMjB0cnVlJTNCJTBBZmJkcy5zcmMlMjAlM0QlMjAlMjclMkYlMkZjb25uZWN0LmZhY2Vib29rLm5ldCUyRmVuX1VTJTJGZmJkcy5qcyUyNyUzQiUwQXZhciUyMHMlMjAlM0QlMjBkb2N1bWVudC5nZXRFbGVtZW50c0J5VGFnTmFtZSUyOCUyN3NjcmlwdCUyNyUyOSU1QjAlNUQlM0IlMEFzLnBhcmVudE5vZGUuaW5zZXJ0QmVmb3JlJTI4ZmJkcyUyQyUyMHMlMjklM0IlMEFfZmJxLmxvYWRlZCUyMCUzRCUyMHRydWUlM0IlMEElN0QlMEElN0QlMjklMjglMjklM0IlMEF3aW5kb3cuX2ZicSUyMCUzRCUyMHdpbmRvdy5fZmJxJTIwJTdDJTdDJTIwJTVCJTVEJTNCJTBBd2luZG93Ll9mYnEucHVzaCUyOCU1QiUyN3RyYWNrJTI3JTJDJTIwJTI3NjAyMjcxMjkwNTk1OCUyNyUyQyUyMCU3QiUyN3ZhbHVlJTI3JTNBJTI3MC4wMCUyNyUyQyUyN2N1cnJlbmN5JTI3JTNBJTI3VVNEJTI3JTdEJTVEJTI5JTNCJTBBJTNDJTJGc2NyaXB0JTNFJTBBJTNDbm9zY3JpcHQlM0UlM0NpbWclMjBoZWlnaHQlM0QlMjIlMjIxJTIyJTIyJTIwd2lkdGglM0QlMjIlMjIxJTIyJTIyJTIwYWx0JTNEJTIyJTIyJTIyJTIyJTIwc3R5bGUlM0QlMjIlMjJkaXNwbGF5JTNBbm9uZSUyMiUyMiUyMHNyYyUzRCUyMiUyMmh0dHBzJTNBJTJGJTJGd3d3LmZhY2Vib29rLmNvbSUyRnRyJTNGZXYlM0Q2MDIyNzEyOTA1OTU4JTI2YW1wJTNCY2QlNUJ2YWx1ZSU1RCUzRDAuMDAlMjZhbXAlM0JjZCU1QmN1cnJlbmN5JTVEJTNEVVNEJTI2YW1wJTNCbm9zY3JpcHQlM0QxJTIyJTIyJTIwJTJGJTNFJTNDJTJGbm9zY3JpcHQlM0U=[\/vc_raw_html][\/vc_column][\/vc_row][vc_row padding_top=\u00bb0px\u00bb padding_bottom=\u00bb0px\u00bb border=\u00bbnone\u00bb class=\u00bbpillars-header\u00bb style=\u00bbmargin-top: 30px; background-color: #EEE; padding: 40px 20px;\u00bb][vc_column fade_animation_offset=\u00bb45px\u00bb width=\u00bb1\/1&#8243;][custom_headline type=\u00bbleft\u00bb level=\u00bbh1&#8243; looks_like=\u00bbh1&#8243; id=\u00bb\u00bb class=\u00bb\u00bb style=\u00bb\u00bb]<span style=\"color: #399fc5; font-size: 130%;\">Nuestros Cuatro Pilares<\/span>[\/custom_headline][text_output]The LIBRE Institute est\u00e1 comprometido con fortalecer a los Estados Unidos y construir comunidades hispanas pr\u00f3speras a trav\u00e9s de NUESTROS CUATRO PILARES que se enfocan en la <em>prosperidad econ\u00f3mica<\/em>, <em>la educaci\u00f3n<\/em>, <em>la fe<\/em>, y <em>la familia<\/em>.[\/text_output][\/vc_column][\/vc_row][vc_row padding_top=\u00bb10px\u00bb padding_bottom=\u00bb0px\u00bb border=\u00bbnone\u00bb class=\u00bbhomepage-pillars\u00bb bg_video=\u00bb\u00bb style=\u00bb\u00bb][vc_column fade_animation_offset=\u00bb45px\u00bb width=\u00bb1\/4&#8243;][custom_headline type=\u00bbleft\u00bb level=\u00bbh1&#8243; looks_like=\u00bbh1&#8243; id=\u00bb\u00bb class=\u00bb\u00bb style=\u00bb\u00bb]La Prosperidad Econ\u00f3mica[\/custom_headline][image type=\u00bbnone\u00bb float=\u00bbnone\u00bb info=\u00bbnone\u00bb info_place=\u00bbtop\u00bb info_trigger=\u00bbhover\u00bb src=\u00bb1327&#8243;][text_output]Nuestro <em>pilar de La Prosperidad Econ\u00f3mica<\/em> provee recursos y se asocia con comerciantes a nivel local, organizaciones de base comunitaria y con entidades gubernamentales para ayudar a que los hispanos que comienzan sus negocios propios sean exitosos y a que los hispanos que ya tienen negocios establecidos puedan seguir prosperando.<\/p>\n<p style=\"text-align: center; padding-top: 0px;\"><a href=\"https:\/\/thelibreinstitute.org\/econprosperity\/?lang=es\"><strong>PARA M\u00c1S INFORMACI\u00d3N <\/strong><\/a><\/p>\n<p>[\/text_output][\/vc_column][vc_column fade_animation_offset=\u00bb45px\u00bb width=\u00bb1\/4&#8243;][custom_headline type=\u00bbleft\u00bb level=\u00bbh1&#8243; looks_like=\u00bbh1&#8243; id=\u00bb\u00bb class=\u00bb\u00bb style=\u00bb\u00bb]La Educaci\u00f3n[\/custom_headline][image type=\u00bbnone\u00bb float=\u00bbnone\u00bb info=\u00bbnone\u00bb info_place=\u00bbtop\u00bb info_trigger=\u00bbhover\u00bb src=\u00bb1329&#8243;][text_output]El <em>pilar de La Educaci\u00f3n<\/em> se enfoca en avanzar los principios y los valores de la libertad econ\u00f3mica a trav\u00e9s del Institute Academy. Estos programas acad\u00e9micos est\u00e1n dise\u00f1ados para empoderar a los hispanos de los Estados Unidos para que logren el \u00e9xito y contribuyan a un pa\u00eds m\u00e1s pr\u00f3spero.<\/p>\n<p style=\"text-align: center; padding-top: 0px;\"><a href=\"http:\/\/thelibreinstitute.org\/schoolchoice\/?lang=es\"><strong>PARA M\u00c1S INFORMACI\u00d3N<\/strong><\/a><\/p>\n<p>[\/text_output][\/vc_column][vc_column fade_animation_offset=\u00bb45px\u00bb width=\u00bb1\/4&#8243;][custom_headline type=\u00bbleft\u00bb level=\u00bbh1&#8243; looks_like=\u00bbh1&#8243; id=\u00bb\u00bb class=\u00bb\u00bb style=\u00bb\u00bb]La Fe[\/custom_headline][image type=\u00bbnone\u00bb float=\u00bbnone\u00bb info=\u00bbnone\u00bb info_place=\u00bbtop\u00bb info_trigger=\u00bbhover\u00bb src=\u00bb1324&#8243;][text_output]Nuestro <em>pilar de La Fe<\/em> busca la participaci\u00f3n de aquellos que comparten la importancia que tiene la religi\u00f3n y el culto en sus vidas. Junto a una s\u00f3lida \u00e9tica de trabajo y los dones que hemos recibido de Dios, podemos alcanzar la prosperidad econ\u00f3mica y el bienestar, ambos elementos esenciales para alcanzar el Sue\u00f1o Americano.<\/p>\n<p style=\"text-align: center; padding-top: 0px;\"><a href=\"http:\/\/thelibreinstitute.org\/faith\/?lang=es\"><strong>PARA M\u00c1S INFORMACI\u00d3N<\/strong><\/a><\/p>\n<p>[\/text_output][\/vc_column][vc_column fade_animation_offset=\u00bb45px\u00bb width=\u00bb1\/4&#8243;][custom_headline type=\u00bbleft\u00bb level=\u00bbh1&#8243; looks_like=\u00bbh1&#8243; id=\u00bb\u00bb class=\u00bb\u00bb style=\u00bb\u00bb]La Familia[\/custom_headline][image type=\u00bbnone\u00bb float=\u00bbnone\u00bb info=\u00bbnone\u00bb info_place=\u00bbtop\u00bb info_trigger=\u00bbhover\u00bb src=\u00bb1325&#8243;][text_output]Nuestro <em>pilar de La Familia<\/em> empodera a las comunidades mediante el fortalecimiento de la unidad familiar a trav\u00e9s de programas que proveen mentor\u00eda, desarrollo profesional y otras iniciativas de liderato, con el prop\u00f3sito de que las familias puedan prosperar y ayudar a otros a alcanzar el \u00e9xito.<\/p>\n<p style=\"text-align: center; padding-top: 0px;\"><a href=\"http:\/\/thelibreinstitute.org\/family\/?lang=es\"><strong>PARA M\u00c1S INFORMACI\u00d3N<\/strong><\/a><\/p>\n<p>[\/text_output][\/vc_column][\/vc_row][vc_row padding_top=\u00bb0px\u00bb padding_bottom=\u00bb0px\u00bb border=\u00bbnone\u00bb style=\u00bbpadding-top: 0px\u00bb][vc_column fade_animation_offset=\u00bb45px\u00bb width=\u00bb1\/4&#8243;][vc_raw_html]JTNDZGl2JTIwY2xhc3MlM0QlMjJyZWFkLW1vcmUtYXJyb3clMjIlM0UlM0NpbWclMjBzcmMlM0QlMjIlMkZ3cC1jb250ZW50JTJGdXBsb2FkcyUyRjIwMTUlMkYwNSUyRnNlbWktY2lyY2xlLWJsdWUuanBnJTIyJTNFJTNDJTJGZGl2JTNF[\/vc_raw_html][\/vc_column][vc_column fade_animation_offset=\u00bb45px\u00bb width=\u00bb1\/4&#8243;][vc_raw_html]JTNDZGl2JTIwY2xhc3MlM0QlMjJyZWFkLW1vcmUtYXJyb3clMjIlM0UlM0NpbWclMjBzcmMlM0QlMjIlMkZ3cC1jb250ZW50JTJGdXBsb2FkcyUyRjIwMTUlMkYwNSUyRnNlbWktY2lyY2xlLWJsdWUuanBnJTIyJTNFJTNDJTJGZGl2JTNF[\/vc_raw_html][\/vc_column][vc_column fade_animation_offset=\u00bb45px\u00bb width=\u00bb1\/4&#8243;][vc_raw_html]JTNDZGl2JTIwY2xhc3MlM0QlMjJyZWFkLW1vcmUtYXJyb3clMjIlM0UlM0NpbWclMjBzcmMlM0QlMjIlMkZ3cC1jb250ZW50JTJGdXBsb2FkcyUyRjIwMTUlMkYwNSUyRnNlbWktY2lyY2xlLWJsdWUuanBnJTIyJTNFJTNDJTJGZGl2JTNF[\/vc_raw_html][\/vc_column][vc_column fade_animation_offset=\u00bb45px\u00bb width=\u00bb1\/4&#8243;][vc_raw_html]JTNDZGl2JTIwY2xhc3MlM0QlMjJyZWFkLW1vcmUtYXJyb3clMjIlM0UlM0NpbWclMjBzcmMlM0QlMjIlMkZ3cC1jb250ZW50JTJGdXBsb2FkcyUyRjIwMTUlMkYwNSUyRnNlbWktY2lyY2xlLWJsdWUuanBnJTIyJTNFJTNDJTJGZGl2JTNF[\/vc_raw_html][\/vc_column][\/vc_row]<\/p>\n","protected":false},"excerpt":{"rendered":"<p>[vc_row no_margin=\u00bbtrue\u00bb padding_top=\u00bb0px\u00bb padding_bottom=\u00bb40px\u00bb border=\u00bbnone\u00bb bg_video=\u00bb\u00bb class=\u00bb\u00bb style=\u00bb\u00bb][vc_column fade_animation_offset=\u00bb45px\u00bb width=\u00bb1\/1&#8243;][rev_slider_vc alias=\u00bbhome\u00bb][\/vc_column][\/vc_row][vc_row padding_top=\u00bb0px\u00bb padding_bottom=\u00bb10px\u00bb border=\u00bbnone\u00bb bg_color=\u00bb#fec00f\u00bb class=\u00bbhomepage-signup-box\u00bb bg_video=\u00bb\u00bb style=\u00bb\u00bb][vc_column fade_animation=\u00bbin\u00bb fade_animation_offset=\u00bb45px\u00bb width=\u00bb1\/1&#8243; id=\u00bbcall-to-action\u00bb][vc_raw_html]JTNDc3R5bGUlM0UlMEEuZ2ZpZWxkX3JlcXVpcmVkJTIwJTdCJTIwZGlzcGxheSUzQSUyMG5vbmUlM0IlMjAlN0QlMEEuZ2Zvcm1fYnV0dG9uJTIwJTdCJTBBJTIwJTIwJTIwJTIwYmFja2dyb3VuZC1jb2xvciUzQSUyMCUyMzMwODliNiUyMCUyMWltcG9ydGFudCUzQiUwQSUyMCUyMCUyMCUyMHRleHQtc2hhZG93JTNBJTIwbm9uZSUyMCUyMWltcG9ydGFudCUzQiUwQSUyMCUyMCUyMCUyMGNvbG9yJTNBJTIwd2hpdGUlMjAlMjFpbXBvcnRhbnQlM0IlMEElMjAlMjAlMjAlMjB3aWR0aCUzQSUyMDEwMCUyNSUyMCUyMWltcG9ydGFudCUzQiUwQSUyMCUyMCUyMCUyMHRvcCUzQSUyMC01cHglMjAlMjFpbXBvcnRhbnQlM0IlMEElN0QlMEElM0MlMkZzdHlsZSUzRSUwQSUzQ2RpdiUyMGNsYXNzJTNEJTIyaG9tZXBhZ2Utc2lnbnVwLWJveCUyMiUzRSUwQSUyMCUyMCUzQ2RpdiUyMGlkJTNEJTIyaG9tZXBhZ2Utc2lnbnVwLWRlc2NyaXB0aW9uJTIyJTNFU3Vic2NyJUMzJUFEYmFzZSUyMFBhcmElMjBSZWNpYmlyJTNDYnIlMjAlMkYlM0VBbGVydGFzJTIwRWxlY3RyJUMzJUIzbmljYXMlMjBQb3IlMjBFbWFpbCUzQyUyRmRpdiUzRSUwQSUyMCUyMCUzQ2RpdiUyMGlkJTNEJTIydGZhXzAlMjIlM0UlNUJncmF2aXR5Zm9ybSUyMGlkJTNEJTIyMjElMjIlMjB0aXRsZSUzRCUyMmZhbHNlJTIyJTIwZGVzY3JpcHRpb24lM0QlMjJmYWxzZSUyMiU1RCUzQyUyRmRpdiUzRSUwQSUzQyUyRmRpdiUzRSUwQSUzQyUyMS0tJTIwRmFjZWJvb2slMjBDb252ZXJzaW9uJTIwQ29kZSUyMGZvciUyMEMzJTIwV2Vic2l0ZV9MYW5kaW5nJTIwUGFnZSUyMFZpc2l0cyUyMC0tJTNFJTBBJTNDc2NyaXB0JTNFJTI4ZnVuY3Rpb24lMjglMjklMjAlN0IlMEF2YXIlMjBfZmJxJTIwJTNEJTIwd2luZG93Ll9mYnElMjAlN0MlN0MlMjAlMjh3aW5kb3cuX2ZicSUyMCUzRCUyMCU1QiU1RCUyOSUzQiUwQWlmJTIwJTI4JTIxX2ZicS5sb2FkZWQlMjklMjAlN0IlMEF2YXIlMjBmYmRzJTIwJTNEJTIwZG9jdW1lbnQuY3JlYXRlRWxlbWVudCUyOCUyN3NjcmlwdCUyNyUyOSUzQiUwQWZiZHMuYXN5bmMlMjAlM0QlMjB0cnVlJTNCJTBBZmJkcy5zcmMlMjAlM0QlMjAlMjclMkYlMkZjb25uZWN0LmZhY2Vib29rLm5ldCUyRmVuX1VTJTJGZmJkcy5qcyUyNyUzQiUwQXZhciUyMHMlMjAlM0QlMjBkb2N1bWVudC5nZXRFbGVtZW50c0J5VGFnTmFtZSUyOCUyN3NjcmlwdCUyNyUyOSU1QjAlNUQlM0IlMEFzLnBhcmVudE5vZGUuaW5zZXJ0QmVmb3JlJTI4ZmJkcyUyQyUyMHMlMjklM0IlMEFfZmJxLmxvYWRlZCUyMCUzRCUyMHRydWUlM0IlMEElN0QlMEElN0QlMjklMjglMjklM0IlMEF3aW5kb3cuX2ZicSUyMCUzRCUyMHdpbmRvdy5fZmJxJTIwJTdDJTdDJTIwJTVCJTVEJTNCJTBBd2luZG93Ll9mYnEucHVzaCUyOCU1QiUyN3RyYWNrJTI3JTJDJTIwJTI3NjAyMjcxMjkwNTk1OCUyNyUyQyUyMCU3QiUyN3ZhbHVlJTI3JTNBJTI3MC4wMCUyNyUyQyUyN2N1cnJlbmN5JTI3JTNBJTI3VVNEJTI3JTdEJTVEJTI5JTNCJTBBJTNDJTJGc2NyaXB0JTNFJTBBJTNDbm9zY3JpcHQlM0UlM0NpbWclMjBoZWlnaHQlM0QlMjIlMjIxJTIyJTIyJTIwd2lkdGglM0QlMjIlMjIxJTIyJTIyJTIwYWx0JTNEJTIyJTIyJTIyJTIyJTIwc3R5bGUlM0QlMjIlMjJkaXNwbGF5JTNBbm9uZSUyMiUyMiUyMHNyYyUzRCUyMiUyMmh0dHBzJTNBJTJGJTJGd3d3LmZhY2Vib29rLmNvbSUyRnRyJTNGZXYlM0Q2MDIyNzEyOTA1OTU4JTI2YW1wJTNCY2QlNUJ2YWx1ZSU1RCUzRDAuMDAlMjZhbXAlM0JjZCU1QmN1cnJlbmN5JTVEJTNEVVNEJTI2YW1wJTNCbm9zY3JpcHQlM0QxJTIyJTIyJTIwJTJGJTNFJTNDJTJGbm9zY3JpcHQlM0U=[\/vc_raw_html][\/vc_column][\/vc_row][vc_row&hellip;<\/p>\n","protected":false},"author":18,"featured_media":0,"parent":0,"menu_order":0,"comment_status":"closed","ping_status":"open","template":"","meta":{"_acf_changed":false},"class_list":["post-3773","page","type-page","status-publish","hentry"],"acf":[],"yoast_head":"<!-- This site is optimized with the Yoast SEO plugin v27.3 - https:\/\/yoast.com\/product\/yoast-seo-wordpress\/ -->\n<title>Inicio - The LIBRE Institute<\/title>\n<meta name=\"robots\" content=\"index, follow, max-snippet:-1, max-image-preview:large, max-video-preview:-1\" \/>\n<link rel=\"canonical\" href=\"https:\/\/thelibreinstitute.org\/?lang=es\" \/>\n<meta property=\"og:locale\" content=\"es_ES\" \/>\n<meta property=\"og:type\" content=\"article\" \/>\n<meta property=\"og:title\" content=\"Inicio - The LIBRE Institute\" \/>\n<meta property=\"og:description\" content=\"[vc_row no_margin=\u00bbtrue\u00bb padding_top=\u00bb0px\u00bb padding_bottom=\u00bb40px\u00bb border=\u00bbnone\u00bb bg_video=\u00bb\u00bb class=\u00bb\u00bb style=\u00bb\u00bb][vc_column fade_animation_offset=\u00bb45px\u00bb width=\u00bb1\/1&#8243;][rev_slider_vc alias=\u00bbhome\u00bb][\/vc_column][\/vc_row][vc_row padding_top=\u00bb0px\u00bb padding_bottom=\u00bb10px\u00bb border=\u00bbnone\u00bb bg_color=\u00bb#fec00f\u00bb class=\u00bbhomepage-signup-box\u00bb bg_video=\u00bb\u00bb style=\u00bb\u00bb][vc_column fade_animation=\u00bbin\u00bb fade_animation_offset=\u00bb45px\u00bb width=\u00bb1\/1&#8243; id=\u00bbcall-to-action\u00bb][vc_raw_html]JTNDc3R5bGUlM0UlMEEuZ2ZpZWxkX3JlcXVpcmVkJTIwJTdCJTIwZGlzcGxheSUzQSUyMG5vbmUlM0IlMjAlN0QlMEEuZ2Zvcm1fYnV0dG9uJTIwJTdCJTBBJTIwJTIwJTIwJTIwYmFja2dyb3VuZC1jb2xvciUzQSUyMCUyMzMwODliNiUyMCUyMWltcG9ydGFudCUzQiUwQSUyMCUyMCUyMCUyMHRleHQtc2hhZG93JTNBJTIwbm9uZSUyMCUyMWltcG9ydGFudCUzQiUwQSUyMCUyMCUyMCUyMGNvbG9yJTNBJTIwd2hpdGUlMjAlMjFpbXBvcnRhbnQlM0IlMEElMjAlMjAlMjAlMjB3aWR0aCUzQSUyMDEwMCUyNSUyMCUyMWltcG9ydGFudCUzQiUwQSUyMCUyMCUyMCUyMHRvcCUzQSUyMC01cHglMjAlMjFpbXBvcnRhbnQlM0IlMEElN0QlMEElM0MlMkZzdHlsZSUzRSUwQSUzQ2RpdiUyMGNsYXNzJTNEJTIyaG9tZXBhZ2Utc2lnbnVwLWJveCUyMiUzRSUwQSUyMCUyMCUzQ2RpdiUyMGlkJTNEJTIyaG9tZXBhZ2Utc2lnbnVwLWRlc2NyaXB0aW9uJTIyJTNFU3Vic2NyJUMzJUFEYmFzZSUyMFBhcmElMjBSZWNpYmlyJTNDYnIlMjAlMkYlM0VBbGVydGFzJTIwRWxlY3RyJUMzJUIzbmljYXMlMjBQb3IlMjBFbWFpbCUzQyUyRmRpdiUzRSUwQSUyMCUyMCUzQ2RpdiUyMGlkJTNEJTIydGZhXzAlMjIlM0UlNUJncmF2aXR5Zm9ybSUyMGlkJTNEJTIyMjElMjIlMjB0aXRsZSUzRCUyMmZhbHNlJTIyJTIwZGVzY3JpcHRpb24lM0QlMjJmYWxzZSUyMiU1RCUzQyUyRmRpdiUzRSUwQSUzQyUyRmRpdiUzRSUwQSUzQyUyMS0tJTIwRmFjZWJvb2slMjBDb252ZXJzaW9uJTIwQ29kZSUyMGZvciUyMEMzJTIwV2Vic2l0ZV9MYW5kaW5nJTIwUGFnZSUyMFZpc2l0cyUyMC0tJTNFJTBBJTNDc2NyaXB0JTNFJTI4ZnVuY3Rpb24lMjglMjklMjAlN0IlMEF2YXIlMjBfZmJxJTIwJTNEJTIwd2luZG93Ll9mYnElMjAlN0MlN0MlMjAlMjh3aW5kb3cuX2ZicSUyMCUzRCUyMCU1QiU1RCUyOSUzQiUwQWlmJTIwJTI4JTIxX2ZicS5sb2FkZWQlMjklMjAlN0IlMEF2YXIlMjBmYmRzJTIwJTNEJTIwZG9jdW1lbnQuY3JlYXRlRWxlbWVudCUyOCUyN3NjcmlwdCUyNyUyOSUzQiUwQWZiZHMuYXN5bmMlMjAlM0QlMjB0cnVlJTNCJTBBZmJkcy5zcmMlMjAlM0QlMjAlMjclMkYlMkZjb25uZWN0LmZhY2Vib29rLm5ldCUyRmVuX1VTJTJGZmJkcy5qcyUyNyUzQiUwQXZhciUyMHMlMjAlM0QlMjBkb2N1bWVudC5nZXRFbGVtZW50c0J5VGFnTmFtZSUyOCUyN3NjcmlwdCUyNyUyOSU1QjAlNUQlM0IlMEFzLnBhcmVudE5vZGUuaW5zZXJ0QmVmb3JlJTI4ZmJkcyUyQyUyMHMlMjklM0IlMEFfZmJxLmxvYWRlZCUyMCUzRCUyMHRydWUlM0IlMEElN0QlMEElN0QlMjklMjglMjklM0IlMEF3aW5kb3cuX2ZicSUyMCUzRCUyMHdpbmRvdy5fZmJxJTIwJTdDJTdDJTIwJTVCJTVEJTNCJTBBd2luZG93Ll9mYnEucHVzaCUyOCU1QiUyN3RyYWNrJTI3JTJDJTIwJTI3NjAyMjcxMjkwNTk1OCUyNyUyQyUyMCU3QiUyN3ZhbHVlJTI3JTNBJTI3MC4wMCUyNyUyQyUyN2N1cnJlbmN5JTI3JTNBJTI3VVNEJTI3JTdEJTVEJTI5JTNCJTBBJTNDJTJGc2NyaXB0JTNFJTBBJTNDbm9zY3JpcHQlM0UlM0NpbWclMjBoZWlnaHQlM0QlMjIlMjIxJTIyJTIyJTIwd2lkdGglM0QlMjIlMjIxJTIyJTIyJTIwYWx0JTNEJTIyJTIyJTIyJTIyJTIwc3R5bGUlM0QlMjIlMjJkaXNwbGF5JTNBbm9uZSUyMiUyMiUyMHNyYyUzRCUyMiUyMmh0dHBzJTNBJTJGJTJGd3d3LmZhY2Vib29rLmNvbSUyRnRyJTNGZXYlM0Q2MDIyNzEyOTA1OTU4JTI2YW1wJTNCY2QlNUJ2YWx1ZSU1RCUzRDAuMDAlMjZhbXAlM0JjZCU1QmN1cnJlbmN5JTVEJTNEVVNEJTI2YW1wJTNCbm9zY3JpcHQlM0QxJTIyJTIyJTIwJTJGJTNFJTNDJTJGbm9zY3JpcHQlM0U=[\/vc_raw_html][\/vc_column][\/vc_row][vc_row&hellip;\" \/>\n<meta property=\"og:url\" content=\"https:\/\/thelibreinstitute.org\/?lang=es\" \/>\n<meta property=\"og:site_name\" content=\"The LIBRE Institute\" \/>\n<meta property=\"article:publisher\" content=\"https:\/\/www.facebook.com\/TheLIBREInstitute\" \/>\n<meta property=\"article:modified_time\" content=\"2026-04-10T18:54:29+00:00\" \/>\n<meta property=\"og:image\" content=\"https:\/\/thelibreinstitute.org\/wp-content\/uploads\/2015\/10\/Institute-logo-with-SM-PNG.png\" \/>\n\t<meta property=\"og:image:width\" content=\"792\" \/>\n\t<meta property=\"og:image:height\" content=\"612\" \/>\n\t<meta property=\"og:image:type\" content=\"image\/png\" \/>\n<meta name=\"twitter:card\" content=\"summary_large_image\" \/>\n<meta name=\"twitter:site\" content=\"@libreinstitute\" \/>\n<script type=\"application\/ld+json\" class=\"yoast-schema-graph\">{\"@context\":\"https:\\\/\\\/schema.org\",\"@graph\":[{\"@type\":\"WebPage\",\"@id\":\"https:\\\/\\\/thelibreinstitute.org\\\/?lang=es\",\"url\":\"https:\\\/\\\/thelibreinstitute.org\\\/?lang=es\",\"name\":\"Inicio - The LIBRE Institute\",\"isPartOf\":{\"@id\":\"https:\\\/\\\/thelibreinstitute.org\\\/#website\"},\"datePublished\":\"2015-05-12T11:37:42+00:00\",\"dateModified\":\"2026-04-10T18:54:29+00:00\",\"breadcrumb\":{\"@id\":\"https:\\\/\\\/thelibreinstitute.org\\\/?lang=es#breadcrumb\"},\"inLanguage\":\"es\",\"potentialAction\":[{\"@type\":\"ReadAction\",\"target\":[\"https:\\\/\\\/thelibreinstitute.org\\\/?lang=es\"]}]},{\"@type\":\"BreadcrumbList\",\"@id\":\"https:\\\/\\\/thelibreinstitute.org\\\/?lang=es#breadcrumb\",\"itemListElement\":[{\"@type\":\"ListItem\",\"position\":1,\"name\":\"Home\",\"item\":\"https:\\\/\\\/thelibreinstitute.org\\\/?lang=es\"},{\"@type\":\"ListItem\",\"position\":2,\"name\":\"Home\"}]},{\"@type\":\"WebSite\",\"@id\":\"https:\\\/\\\/thelibreinstitute.org\\\/#website\",\"url\":\"https:\\\/\\\/thelibreinstitute.org\\\/\",\"name\":\"The LIBRE Institute\",\"description\":\"Freedom Drives Progress\",\"publisher\":{\"@id\":\"https:\\\/\\\/thelibreinstitute.org\\\/#organization\"},\"potentialAction\":[{\"@type\":\"SearchAction\",\"target\":{\"@type\":\"EntryPoint\",\"urlTemplate\":\"https:\\\/\\\/thelibreinstitute.org\\\/?s={search_term_string}\"},\"query-input\":{\"@type\":\"PropertyValueSpecification\",\"valueRequired\":true,\"valueName\":\"search_term_string\"}}],\"inLanguage\":\"es\"},{\"@type\":\"Organization\",\"@id\":\"https:\\\/\\\/thelibreinstitute.org\\\/#organization\",\"name\":\"The LIBRE Institute\",\"url\":\"https:\\\/\\\/thelibreinstitute.org\\\/\",\"logo\":{\"@type\":\"ImageObject\",\"inLanguage\":\"es\",\"@id\":\"https:\\\/\\\/thelibreinstitute.org\\\/#\\\/schema\\\/logo\\\/image\\\/\",\"url\":\"https:\\\/\\\/thelibreinstitute.org\\\/wp-content\\\/uploads\\\/2015\\\/10\\\/Institute-logo-with-SM-PNG.png\",\"contentUrl\":\"https:\\\/\\\/thelibreinstitute.org\\\/wp-content\\\/uploads\\\/2015\\\/10\\\/Institute-logo-with-SM-PNG.png\",\"width\":792,\"height\":612,\"caption\":\"The LIBRE Institute\"},\"image\":{\"@id\":\"https:\\\/\\\/thelibreinstitute.org\\\/#\\\/schema\\\/logo\\\/image\\\/\"},\"sameAs\":[\"https:\\\/\\\/www.facebook.com\\\/TheLIBREInstitute\",\"https:\\\/\\\/x.com\\\/libreinstitute\"]}]}<\/script>\n<!-- \/ Yoast SEO plugin. -->","yoast_head_json":{"title":"Inicio - The LIBRE Institute","robots":{"index":"index","follow":"follow","max-snippet":"max-snippet:-1","max-image-preview":"max-image-preview:large","max-video-preview":"max-video-preview:-1"},"canonical":"https:\/\/thelibreinstitute.org\/?lang=es","og_locale":"es_ES","og_type":"article","og_title":"Inicio - The LIBRE Institute","og_description":"[vc_row no_margin=\u00bbtrue\u00bb padding_top=\u00bb0px\u00bb padding_bottom=\u00bb40px\u00bb border=\u00bbnone\u00bb bg_video=\u00bb\u00bb class=\u00bb\u00bb style=\u00bb\u00bb][vc_column fade_animation_offset=\u00bb45px\u00bb width=\u00bb1\/1&#8243;][rev_slider_vc alias=\u00bbhome\u00bb][\/vc_column][\/vc_row][vc_row padding_top=\u00bb0px\u00bb padding_bottom=\u00bb10px\u00bb border=\u00bbnone\u00bb bg_color=\u00bb#fec00f\u00bb class=\u00bbhomepage-signup-box\u00bb bg_video=\u00bb\u00bb style=\u00bb\u00bb][vc_column fade_animation=\u00bbin\u00bb fade_animation_offset=\u00bb45px\u00bb width=\u00bb1\/1&#8243; id=\u00bbcall-to-action\u00bb][vc_raw_html]JTNDc3R5bGUlM0UlMEEuZ2ZpZWxkX3JlcXVpcmVkJTIwJTdCJTIwZGlzcGxheSUzQSUyMG5vbmUlM0IlMjAlN0QlMEEuZ2Zvcm1fYnV0dG9uJTIwJTdCJTBBJTIwJTIwJTIwJTIwYmFja2dyb3VuZC1jb2xvciUzQSUyMCUyMzMwODliNiUyMCUyMWltcG9ydGFudCUzQiUwQSUyMCUyMCUyMCUyMHRleHQtc2hhZG93JTNBJTIwbm9uZSUyMCUyMWltcG9ydGFudCUzQiUwQSUyMCUyMCUyMCUyMGNvbG9yJTNBJTIwd2hpdGUlMjAlMjFpbXBvcnRhbnQlM0IlMEElMjAlMjAlMjAlMjB3aWR0aCUzQSUyMDEwMCUyNSUyMCUyMWltcG9ydGFudCUzQiUwQSUyMCUyMCUyMCUyMHRvcCUzQSUyMC01cHglMjAlMjFpbXBvcnRhbnQlM0IlMEElN0QlMEElM0MlMkZzdHlsZSUzRSUwQSUzQ2RpdiUyMGNsYXNzJTNEJTIyaG9tZXBhZ2Utc2lnbnVwLWJveCUyMiUzRSUwQSUyMCUyMCUzQ2RpdiUyMGlkJTNEJTIyaG9tZXBhZ2Utc2lnbnVwLWRlc2NyaXB0aW9uJTIyJTNFU3Vic2NyJUMzJUFEYmFzZSUyMFBhcmElMjBSZWNpYmlyJTNDYnIlMjAlMkYlM0VBbGVydGFzJTIwRWxlY3RyJUMzJUIzbmljYXMlMjBQb3IlMjBFbWFpbCUzQyUyRmRpdiUzRSUwQSUyMCUyMCUzQ2RpdiUyMGlkJTNEJTIydGZhXzAlMjIlM0UlNUJncmF2aXR5Zm9ybSUyMGlkJTNEJTIyMjElMjIlMjB0aXRsZSUzRCUyMmZhbHNlJTIyJTIwZGVzY3JpcHRpb24lM0QlMjJmYWxzZSUyMiU1RCUzQyUyRmRpdiUzRSUwQSUzQyUyRmRpdiUzRSUwQSUzQyUyMS0tJTIwRmFjZWJvb2slMjBDb252ZXJzaW9uJTIwQ29kZSUyMGZvciUyMEMzJTIwV2Vic2l0ZV9MYW5kaW5nJTIwUGFnZSUyMFZpc2l0cyUyMC0tJTNFJTBBJTNDc2NyaXB0JTNFJTI4ZnVuY3Rpb24lMjglMjklMjAlN0IlMEF2YXIlMjBfZmJxJTIwJTNEJTIwd2luZG93Ll9mYnElMjAlN0MlN0MlMjAlMjh3aW5kb3cuX2ZicSUyMCUzRCUyMCU1QiU1RCUyOSUzQiUwQWlmJTIwJTI4JTIxX2ZicS5sb2FkZWQlMjklMjAlN0IlMEF2YXIlMjBmYmRzJTIwJTNEJTIwZG9jdW1lbnQuY3JlYXRlRWxlbWVudCUyOCUyN3NjcmlwdCUyNyUyOSUzQiUwQWZiZHMuYXN5bmMlMjAlM0QlMjB0cnVlJTNCJTBBZmJkcy5zcmMlMjAlM0QlMjAlMjclMkYlMkZjb25uZWN0LmZhY2Vib29rLm5ldCUyRmVuX1VTJTJGZmJkcy5qcyUyNyUzQiUwQXZhciUyMHMlMjAlM0QlMjBkb2N1bWVudC5nZXRFbGVtZW50c0J5VGFnTmFtZSUyOCUyN3NjcmlwdCUyNyUyOSU1QjAlNUQlM0IlMEFzLnBhcmVudE5vZGUuaW5zZXJ0QmVmb3JlJTI4ZmJkcyUyQyUyMHMlMjklM0IlMEFfZmJxLmxvYWRlZCUyMCUzRCUyMHRydWUlM0IlMEElN0QlMEElN0QlMjklMjglMjklM0IlMEF3aW5kb3cuX2ZicSUyMCUzRCUyMHdpbmRvdy5fZmJxJTIwJTdDJTdDJTIwJTVCJTVEJTNCJTBBd2luZG93Ll9mYnEucHVzaCUyOCU1QiUyN3RyYWNrJTI3JTJDJTIwJTI3NjAyMjcxMjkwNTk1OCUyNyUyQyUyMCU3QiUyN3ZhbHVlJTI3JTNBJTI3MC4wMCUyNyUyQyUyN2N1cnJlbmN5JTI3JTNBJTI3VVNEJTI3JTdEJTVEJTI5JTNCJTBBJTNDJTJGc2NyaXB0JTNFJTBBJTNDbm9zY3JpcHQlM0UlM0NpbWclMjBoZWlnaHQlM0QlMjIlMjIxJTIyJTIyJTIwd2lkdGglM0QlMjIlMjIxJTIyJTIyJTIwYWx0JTNEJTIyJTIyJTIyJTIyJTIwc3R5bGUlM0QlMjIlMjJkaXNwbGF5JTNBbm9uZSUyMiUyMiUyMHNyYyUzRCUyMiUyMmh0dHBzJTNBJTJGJTJGd3d3LmZhY2Vib29rLmNvbSUyRnRyJTNGZXYlM0Q2MDIyNzEyOTA1OTU4JTI2YW1wJTNCY2QlNUJ2YWx1ZSU1RCUzRDAuMDAlMjZhbXAlM0JjZCU1QmN1cnJlbmN5JTVEJTNEVVNEJTI2YW1wJTNCbm9zY3JpcHQlM0QxJTIyJTIyJTIwJTJGJTNFJTNDJTJGbm9zY3JpcHQlM0U=[\/vc_raw_html][\/vc_column][\/vc_row][vc_row&hellip;","og_url":"https:\/\/thelibreinstitute.org\/?lang=es","og_site_name":"The LIBRE Institute","article_publisher":"https:\/\/www.facebook.com\/TheLIBREInstitute","article_modified_time":"2026-04-10T18:54:29+00:00","og_image":[{"width":792,"height":612,"url":"https:\/\/thelibreinstitute.org\/wp-content\/uploads\/2015\/10\/Institute-logo-with-SM-PNG.png","type":"image\/png"}],"twitter_card":"summary_large_image","twitter_site":"@libreinstitute","schema":{"@context":"https:\/\/schema.org","@graph":[{"@type":"WebPage","@id":"https:\/\/thelibreinstitute.org\/?lang=es","url":"https:\/\/thelibreinstitute.org\/?lang=es","name":"Inicio - The LIBRE Institute","isPartOf":{"@id":"https:\/\/thelibreinstitute.org\/#website"},"datePublished":"2015-05-12T11:37:42+00:00","dateModified":"2026-04-10T18:54:29+00:00","breadcrumb":{"@id":"https:\/\/thelibreinstitute.org\/?lang=es#breadcrumb"},"inLanguage":"es","potentialAction":[{"@type":"ReadAction","target":["https:\/\/thelibreinstitute.org\/?lang=es"]}]},{"@type":"BreadcrumbList","@id":"https:\/\/thelibreinstitute.org\/?lang=es#breadcrumb","itemListElement":[{"@type":"ListItem","position":1,"name":"Home","item":"https:\/\/thelibreinstitute.org\/?lang=es"},{"@type":"ListItem","position":2,"name":"Home"}]},{"@type":"WebSite","@id":"https:\/\/thelibreinstitute.org\/#website","url":"https:\/\/thelibreinstitute.org\/","name":"The LIBRE Institute","description":"Freedom Drives Progress","publisher":{"@id":"https:\/\/thelibreinstitute.org\/#organization"},"potentialAction":[{"@type":"SearchAction","target":{"@type":"EntryPoint","urlTemplate":"https:\/\/thelibreinstitute.org\/?s={search_term_string}"},"query-input":{"@type":"PropertyValueSpecification","valueRequired":true,"valueName":"search_term_string"}}],"inLanguage":"es"},{"@type":"Organization","@id":"https:\/\/thelibreinstitute.org\/#organization","name":"The LIBRE Institute","url":"https:\/\/thelibreinstitute.org\/","logo":{"@type":"ImageObject","inLanguage":"es","@id":"https:\/\/thelibreinstitute.org\/#\/schema\/logo\/image\/","url":"https:\/\/thelibreinstitute.org\/wp-content\/uploads\/2015\/10\/Institute-logo-with-SM-PNG.png","contentUrl":"https:\/\/thelibreinstitute.org\/wp-content\/uploads\/2015\/10\/Institute-logo-with-SM-PNG.png","width":792,"height":612,"caption":"The LIBRE Institute"},"image":{"@id":"https:\/\/thelibreinstitute.org\/#\/schema\/logo\/image\/"},"sameAs":["https:\/\/www.facebook.com\/TheLIBREInstitute","https:\/\/x.com\/libreinstitute"]}]}},"_links":{"self":[{"href":"https:\/\/thelibreinstitute.org\/es\/wp-json\/wp\/v2\/pages\/3773","targetHints":{"allow":["GET"]}}],"collection":[{"href":"https:\/\/thelibreinstitute.org\/es\/wp-json\/wp\/v2\/pages"}],"about":[{"href":"https:\/\/thelibreinstitute.org\/es\/wp-json\/wp\/v2\/types\/page"}],"author":[{"embeddable":true,"href":"https:\/\/thelibreinstitute.org\/es\/wp-json\/wp\/v2\/users\/18"}],"replies":[{"embeddable":true,"href":"https:\/\/thelibreinstitute.org\/es\/wp-json\/wp\/v2\/comments?post=3773"}],"version-history":[{"count":1,"href":"https:\/\/thelibreinstitute.org\/es\/wp-json\/wp\/v2\/pages\/3773\/revisions"}],"predecessor-version":[{"id":11212,"href":"https:\/\/thelibreinstitute.org\/es\/wp-json\/wp\/v2\/pages\/3773\/revisions\/11212"}],"wp:attachment":[{"href":"https:\/\/thelibreinstitute.org\/es\/wp-json\/wp\/v2\/media?parent=3773"}],"curies":[{"name":"wp","href":"https:\/\/api.w.org\/{rel}","templated":true}]}}