{"id":3737,"date":"2016-02-16T12:47:18","date_gmt":"2016-02-16T17:47:18","guid":{"rendered":"http:\/\/thelibreinstitute.org\/research\/"},"modified":"2018-03-02T11:01:55","modified_gmt":"2018-03-02T16:01:55","slug":"research","status":"publish","type":"page","link":"https:\/\/thelibreinstitute.org\/es\/research\/","title":{"rendered":"Research Initiative: The LIBRE Institute Perspective Series"},"content":{"rendered":"<p class=\"rtecenter\"><strong>Solicitud de Propuestas<\/strong> &#8211; \u00abSerie sobre la perspectiva de The <strong>LIBRE<\/strong> Institute (The LIBRE Institute Perspective Series)\u00bb<\/p>\n<p class=\"rtecenter\"><em><strong>Descripci\u00f3n del Proyecto:<\/strong><\/em><\/p>\n<p><em>The\u00a0<strong>LIBRE<\/strong> Institute Perspective Series<\/em>\u00a0busca llevar a cabo un an\u00e1lisis de las pol\u00edticas p\u00fablicas actuales del gobierno, explorar ideas sobre los temas enumerados a continuaci\u00f3n y determinar el impacto que tienen estas en la comunidad hispana de los Estados Unidos. El an\u00e1lisis debe identificar las metas propuestas por estas pol\u00edticas, examinar el grado de \u00e9xito que han obtenido y resaltar el impacto directo que han tenido en la comunidad hispana de los Estados Unidos en comparaci\u00f3n con otros grupos \u00e9tnicos y con el pa\u00eds en su totalidad. Adem\u00e1s, el an\u00e1lisis debe proponer soluciones basadas en el mercado, enraizadas en valores conservadores y libertarios, como un medio alternativo para alcanzar las metas identificadas originalmente.  En la medida en que sea posible, cada an\u00e1lisis debe examinar las pol\u00edticas a nivel federal y estatal que est\u00e9n relacionadas con cada tema y con el impacto en particular que han tenido para los hispanos de ese estado. En  particular se debe prestar atenci\u00f3n a los estados de Arizona, California, Colorado, Florida, Nevada, New Mexico, Texas y Virginia. A trav\u00e9s de la otorgaci\u00f3n de becas The <strong>LIBRE<\/strong> Institute Perspective Series seleccionar\u00e1 y financiar\u00e1 a acad\u00e9micos y profesionales para que desarrollen el an\u00e1lisis y las propuestas iniciativas de pol\u00edtica p\u00fablica que est\u00e9n enraizadas en valores tales como la libertad y el bienestar econ\u00f3mico, la disciplina fiscal, un gobierno de tama\u00f1o limitado, la iniciativa empresarial y la responsabilidad individual.<\/p>\n<p>Cada estudio presentado ser\u00e1 revisado, antes de que se publique, por otros profesionales y por lo menos por dos acad\u00e9micos de la comunidad. Una vez se publique el estudio, cada documento ser\u00e1 objeto de una campa\u00f1a publicitaria para resaltar el tema del an\u00e1lisis. Esta campa\u00f1a puede incluir esfuerzos adicionales tales como columnas de opini\u00f3n,  asambleas p\u00fablicas a nivel local (town-hall meetings) y la presentaci\u00f3n de informes ante la legislatura.  La idea es que el autor del estudio participe en algunos de estos esfuerzos.  Se espera que los autores otorguen una licencia ilimitada, aunque no exclusiva, al <em>The <strong>LIBRE <\/strong>Institute<\/em> para publicar y utilizar el material como parte de sus actividades de educaci\u00f3n p\u00fablica. Se promover\u00e1 que los autores sometan sus art\u00edculos para que estos se publiquen en otros medios una vez estos hayan sido publicados por <em>The <strong>LIBRE <\/strong>Institute<\/em>.<\/p>\n<p>Each paper will be peer reviewed by at least 2 scholars in the community prior to publication. Once released, each paper will be the subject of a roll-out campaign highlighting the topic of the analysis, and may include additional efforts including op-ed publications, local-level town halls and legislative briefings.\u00a0It is envisioned that the author of the piece will participate in a select few of these efforts.\u00a0Authors will be expected to provide a non-exclusive, but otherwise unlimited license to <em>The\u00a0<strong>LIBRE<\/strong> Institute\u00a0<\/em>so that it can publicize and otherwise use the material as part of its public education activities.\u00a0Authors will be encouraged to submit their pieces for publication in other journals after the paper has been published and released by <em>The\u00a0<strong>LIBRE<\/strong> Institute<\/em>.<\/p>\n<p>Los autores interesados deben enviar un resumen, de una a dos p\u00e1ginas, donde se seleccione uno de los temas espec\u00edficos, describa su propuesta de c\u00f3mo analizar\u00e1 los objetivos originales y el impacto en la comunidad hispana, y debe identificar las alternativas de mercado libre que se explorar\u00e1n en el estudio. Debe tambi\u00e9n un breve <em>r\u00e9sum\u00e9<\/em> o curr\u00edculo. El resumen debe proveer suficientes detalles para que quienes revisen la propuesta puedan determinar la naturaleza y la viabilidad de la idea.  Puede haber disponible hasta <strong>$10,000 en becas y subsidios<\/strong> seg\u00fan la selecci\u00f3n.<\/p>\n<p>Se deben enviar las propuesta a <strong>Jorge A. Lima a trav\u00e9s de su correo electr\u00f3nico <a href=\"mailto:jlima@thelibreinstitute.org\" rel=\"noopener\" target=\"_blank\">jlima@thelibreinstitute.org<\/a><\/strong>. Se espera que los autores que sean seleccionados sometan sus estudios finales cuatro meses despu\u00e9s de recibir la notificaci\u00f3n de que han sido seleccionados, y el cronograma del proyecto se detallar\u00e1 en el momento en que se lleve a cabo el contrato.<\/p>\n<p><em><strong>Las propuestas deben:<\/strong><\/em><\/p>\n<ol>\n<li>Identificar adecuadamente las pol\u00edticas de gobierno espec\u00edficas que est\u00e1n relacionadas con los temas enumerados a continuaci\u00f3n y analizar en espec\u00edfico el impacto de estas pol\u00edticas en la comunidad hispana de los Estados Unidos;<\/li>\n<li>Proveer soluciones que representen los principios de libre mercado tales como, pero sin limitarse a: la libertad y el bienestar econ\u00f3mico, la disciplina fiscal, un gobierno limitado, la iniciativa empresarial y la responsabilidad individual;<\/li>\n<li>Proponer soluciones factibles que puedan ser implementadas a nivel nacional o estatal;<\/li>\n<li>Enumerar soluciones o ideas para promover un nuevo entendimiento del  enfoque actual del gobierno para resolver las metas identificadas y que sirvan como alternativas para lograr resultados positivos en pol\u00edtica p\u00fablica de los temas seleccionados.<\/li>\n<\/ol>\n<p><em><strong>\u200b<\/strong><strong>Temas de inter\u00e9s para explorar:<\/strong><\/em><\/p>\n<ol>\n<li><strong>El cuidado de la salud<\/strong> \u2013 explore el sistema actual del programa de Medicaid y su capacidad de proveer servicios adecuados para el cuidado de la salud de los hispanos en los Estados Unidos; como alternativa o en conjunto con un an\u00e1lisis de la reglamentaci\u00f3n y los impuestos seg\u00fan la Ley de Cuidado de Salud Asequible o ACA (<em>Affordable Care Act<\/em>) y el impacto de esta en la capacidad de los hispanos de los Estados Unidos para obtener cuidado de salud y tener alternativas, as\u00ed como el impacto econ\u00f3mico general;<\/li>\n<li><strong>La legislaci\u00f3n<\/strong> \u2013 examine el impacto que tienen las leyes y las reglamentaciones en la capacidad de los propietarios de negocios y los comerciantes emprendedores de entrar en el mercado y de logar el \u00e9xito;<\/li>\n<li><strong>La educaci\u00f3n<\/strong> \u2013 estudie los reglamentos sobre la libertad para escoger una escuela y el impacto que estos han tenido en disminuir la disparidad en el rendimiento acad\u00e9mico entre los hispanos y otros grupos demogr\u00e1ficos;<\/li>\n<li><strong>La pobreza<\/strong> \u2013 eval\u00fae el \u00e9xito de las pol\u00edticas p\u00fablica actuales del gobierno y su capacidad de sacar a los hispanos de la pobreza;<\/li>\n<li><strong>La inmigraci\u00f3n<\/strong> \u2013 estudie las metas econ\u00f3micas detr\u00e1s de la inmigraci\u00f3n hispana a los Estados Unidos y determine si las poblaciones de inmigrantes est\u00e1n alcanzando dichas metas y si las pol\u00edticas p\u00fablicas actuales impiden de alguna manera que estos alcancen el \u00e9xito;<\/li>\n<li><strong>El trabajo o empleo<\/strong> \u2013 investigue la situaci\u00f3n laboral actual de los hispanos en los Estados Unidos y explore los cambios que se hayan dado en t\u00e9rminos de trabajo o empleo durante la recuperaci\u00f3n econ\u00f3mica en comparaci\u00f3n con otros grupos demogr\u00e1ficos y analice las pol\u00edticas p\u00fablicas que podr\u00edan exacerbar las diferencias.<\/li>\n<\/ol>\n<hr \/>\n<p><em>*El t\u00edtulo est\u00e1 sujeto a cambios<\/em><\/p>\n","protected":false},"excerpt":{"rendered":"<p>Solicitud de Propuestas &#8211; \u00abSerie sobre la perspectiva de The LIBRE Institute (The LIBRE Institute Perspective Series)\u00bb Descripci\u00f3n del Proyecto: The\u00a0LIBRE Institute&hellip;<\/p>\n","protected":false},"author":18,"featured_media":0,"parent":0,"menu_order":0,"comment_status":"closed","ping_status":"closed","template":"template-blank-1.php","meta":{"_acf_changed":false},"class_list":["post-3737","page","type-page","status-publish","hentry"],"acf":[],"yoast_head":"<!-- This site is optimized with the Yoast SEO plugin v27.3 - https:\/\/yoast.com\/product\/yoast-seo-wordpress\/ -->\n<title>Research Initiative: The LIBRE Institute Perspective Series - The LIBRE Institute<\/title>\n<meta name=\"robots\" content=\"index, follow, max-snippet:-1, max-image-preview:large, max-video-preview:-1\" \/>\n<link rel=\"canonical\" href=\"https:\/\/thelibreinstitute.org\/research\/?lang=es\" \/>\n<meta property=\"og:locale\" content=\"es_ES\" \/>\n<meta property=\"og:type\" content=\"article\" \/>\n<meta property=\"og:title\" content=\"Research Initiative: The LIBRE Institute Perspective Series - The LIBRE Institute\" \/>\n<meta property=\"og:description\" content=\"Solicitud de Propuestas &#8211; \u00abSerie sobre la perspectiva de The LIBRE Institute (The LIBRE Institute Perspective Series)\u00bb Descripci\u00f3n del Proyecto: The\u00a0LIBRE Institute&hellip;\" \/>\n<meta property=\"og:url\" content=\"https:\/\/thelibreinstitute.org\/research\/?lang=es\" \/>\n<meta property=\"og:site_name\" content=\"The LIBRE Institute\" \/>\n<meta property=\"article:publisher\" content=\"https:\/\/www.facebook.com\/TheLIBREInstitute\" \/>\n<meta property=\"article:modified_time\" content=\"2018-03-02T16:01:55+00:00\" \/>\n<meta property=\"og:image\" content=\"https:\/\/thelibreinstitute.org\/wp-content\/uploads\/2015\/10\/Institute-logo-with-SM-PNG.png\" \/>\n\t<meta property=\"og:image:width\" content=\"792\" \/>\n\t<meta property=\"og:image:height\" content=\"612\" \/>\n\t<meta property=\"og:image:type\" content=\"image\/png\" \/>\n<meta name=\"twitter:card\" content=\"summary_large_image\" \/>\n<meta name=\"twitter:site\" content=\"@libreinstitute\" \/>\n<script type=\"application\/ld+json\" class=\"yoast-schema-graph\">{\"@context\":\"https:\\\/\\\/schema.org\",\"@graph\":[{\"@type\":\"WebPage\",\"@id\":\"https:\\\/\\\/thelibreinstitute.org\\\/research\\\/?lang=es\",\"url\":\"https:\\\/\\\/thelibreinstitute.org\\\/research\\\/?lang=es\",\"name\":\"Research Initiative: The LIBRE Institute Perspective Series - The LIBRE Institute\",\"isPartOf\":{\"@id\":\"https:\\\/\\\/thelibreinstitute.org\\\/#website\"},\"datePublished\":\"2016-02-16T17:47:18+00:00\",\"dateModified\":\"2018-03-02T16:01:55+00:00\",\"breadcrumb\":{\"@id\":\"https:\\\/\\\/thelibreinstitute.org\\\/research\\\/?lang=es#breadcrumb\"},\"inLanguage\":\"es\",\"potentialAction\":[{\"@type\":\"ReadAction\",\"target\":[\"https:\\\/\\\/thelibreinstitute.org\\\/research\\\/?lang=es\"]}]},{\"@type\":\"BreadcrumbList\",\"@id\":\"https:\\\/\\\/thelibreinstitute.org\\\/research\\\/?lang=es#breadcrumb\",\"itemListElement\":[{\"@type\":\"ListItem\",\"position\":1,\"name\":\"Home\",\"item\":\"https:\\\/\\\/thelibreinstitute.org\\\/?lang=es\"},{\"@type\":\"ListItem\",\"position\":2,\"name\":\"Research Initiative: The LIBRE Institute Perspective Series\"}]},{\"@type\":\"WebSite\",\"@id\":\"https:\\\/\\\/thelibreinstitute.org\\\/#website\",\"url\":\"https:\\\/\\\/thelibreinstitute.org\\\/\",\"name\":\"The LIBRE Institute\",\"description\":\"Freedom Drives Progress\",\"publisher\":{\"@id\":\"https:\\\/\\\/thelibreinstitute.org\\\/#organization\"},\"potentialAction\":[{\"@type\":\"SearchAction\",\"target\":{\"@type\":\"EntryPoint\",\"urlTemplate\":\"https:\\\/\\\/thelibreinstitute.org\\\/?s={search_term_string}\"},\"query-input\":{\"@type\":\"PropertyValueSpecification\",\"valueRequired\":true,\"valueName\":\"search_term_string\"}}],\"inLanguage\":\"es\"},{\"@type\":\"Organization\",\"@id\":\"https:\\\/\\\/thelibreinstitute.org\\\/#organization\",\"name\":\"The LIBRE Institute\",\"url\":\"https:\\\/\\\/thelibreinstitute.org\\\/\",\"logo\":{\"@type\":\"ImageObject\",\"inLanguage\":\"es\",\"@id\":\"https:\\\/\\\/thelibreinstitute.org\\\/#\\\/schema\\\/logo\\\/image\\\/\",\"url\":\"https:\\\/\\\/thelibreinstitute.org\\\/wp-content\\\/uploads\\\/2015\\\/10\\\/Institute-logo-with-SM-PNG.png\",\"contentUrl\":\"https:\\\/\\\/thelibreinstitute.org\\\/wp-content\\\/uploads\\\/2015\\\/10\\\/Institute-logo-with-SM-PNG.png\",\"width\":792,\"height\":612,\"caption\":\"The LIBRE Institute\"},\"image\":{\"@id\":\"https:\\\/\\\/thelibreinstitute.org\\\/#\\\/schema\\\/logo\\\/image\\\/\"},\"sameAs\":[\"https:\\\/\\\/www.facebook.com\\\/TheLIBREInstitute\",\"https:\\\/\\\/x.com\\\/libreinstitute\"]}]}<\/script>\n<!-- \/ Yoast SEO plugin. -->","yoast_head_json":{"title":"Research Initiative: The LIBRE Institute Perspective Series - The LIBRE Institute","robots":{"index":"index","follow":"follow","max-snippet":"max-snippet:-1","max-image-preview":"max-image-preview:large","max-video-preview":"max-video-preview:-1"},"canonical":"https:\/\/thelibreinstitute.org\/research\/?lang=es","og_locale":"es_ES","og_type":"article","og_title":"Research Initiative: The LIBRE Institute Perspective Series - The LIBRE Institute","og_description":"Solicitud de Propuestas &#8211; \u00abSerie sobre la perspectiva de The LIBRE Institute (The LIBRE Institute Perspective Series)\u00bb Descripci\u00f3n del Proyecto: The\u00a0LIBRE Institute&hellip;","og_url":"https:\/\/thelibreinstitute.org\/research\/?lang=es","og_site_name":"The LIBRE Institute","article_publisher":"https:\/\/www.facebook.com\/TheLIBREInstitute","article_modified_time":"2018-03-02T16:01:55+00:00","og_image":[{"width":792,"height":612,"url":"https:\/\/thelibreinstitute.org\/wp-content\/uploads\/2015\/10\/Institute-logo-with-SM-PNG.png","type":"image\/png"}],"twitter_card":"summary_large_image","twitter_site":"@libreinstitute","schema":{"@context":"https:\/\/schema.org","@graph":[{"@type":"WebPage","@id":"https:\/\/thelibreinstitute.org\/research\/?lang=es","url":"https:\/\/thelibreinstitute.org\/research\/?lang=es","name":"Research Initiative: The LIBRE Institute Perspective Series - The LIBRE Institute","isPartOf":{"@id":"https:\/\/thelibreinstitute.org\/#website"},"datePublished":"2016-02-16T17:47:18+00:00","dateModified":"2018-03-02T16:01:55+00:00","breadcrumb":{"@id":"https:\/\/thelibreinstitute.org\/research\/?lang=es#breadcrumb"},"inLanguage":"es","potentialAction":[{"@type":"ReadAction","target":["https:\/\/thelibreinstitute.org\/research\/?lang=es"]}]},{"@type":"BreadcrumbList","@id":"https:\/\/thelibreinstitute.org\/research\/?lang=es#breadcrumb","itemListElement":[{"@type":"ListItem","position":1,"name":"Home","item":"https:\/\/thelibreinstitute.org\/?lang=es"},{"@type":"ListItem","position":2,"name":"Research Initiative: The LIBRE Institute Perspective Series"}]},{"@type":"WebSite","@id":"https:\/\/thelibreinstitute.org\/#website","url":"https:\/\/thelibreinstitute.org\/","name":"The LIBRE Institute","description":"Freedom Drives Progress","publisher":{"@id":"https:\/\/thelibreinstitute.org\/#organization"},"potentialAction":[{"@type":"SearchAction","target":{"@type":"EntryPoint","urlTemplate":"https:\/\/thelibreinstitute.org\/?s={search_term_string}"},"query-input":{"@type":"PropertyValueSpecification","valueRequired":true,"valueName":"search_term_string"}}],"inLanguage":"es"},{"@type":"Organization","@id":"https:\/\/thelibreinstitute.org\/#organization","name":"The LIBRE Institute","url":"https:\/\/thelibreinstitute.org\/","logo":{"@type":"ImageObject","inLanguage":"es","@id":"https:\/\/thelibreinstitute.org\/#\/schema\/logo\/image\/","url":"https:\/\/thelibreinstitute.org\/wp-content\/uploads\/2015\/10\/Institute-logo-with-SM-PNG.png","contentUrl":"https:\/\/thelibreinstitute.org\/wp-content\/uploads\/2015\/10\/Institute-logo-with-SM-PNG.png","width":792,"height":612,"caption":"The LIBRE Institute"},"image":{"@id":"https:\/\/thelibreinstitute.org\/#\/schema\/logo\/image\/"},"sameAs":["https:\/\/www.facebook.com\/TheLIBREInstitute","https:\/\/x.com\/libreinstitute"]}]}},"_links":{"self":[{"href":"https:\/\/thelibreinstitute.org\/es\/wp-json\/wp\/v2\/pages\/3737","targetHints":{"allow":["GET"]}}],"collection":[{"href":"https:\/\/thelibreinstitute.org\/es\/wp-json\/wp\/v2\/pages"}],"about":[{"href":"https:\/\/thelibreinstitute.org\/es\/wp-json\/wp\/v2\/types\/page"}],"author":[{"embeddable":true,"href":"https:\/\/thelibreinstitute.org\/es\/wp-json\/wp\/v2\/users\/18"}],"replies":[{"embeddable":true,"href":"https:\/\/thelibreinstitute.org\/es\/wp-json\/wp\/v2\/comments?post=3737"}],"version-history":[{"count":0,"href":"https:\/\/thelibreinstitute.org\/es\/wp-json\/wp\/v2\/pages\/3737\/revisions"}],"wp:attachment":[{"href":"https:\/\/thelibreinstitute.org\/es\/wp-json\/wp\/v2\/media?parent=3737"}],"curies":[{"name":"wp","href":"https:\/\/api.w.org\/{rel}","templated":true}]}}