{"id":3735,"date":"2015-07-23T14:02:34","date_gmt":"2015-07-23T18:02:34","guid":{"rendered":"http:\/\/thelibreinstitute.org\/volunteer\/"},"modified":"2018-03-02T15:59:48","modified_gmt":"2018-03-02T20:59:48","slug":"volunteer","status":"publish","type":"page","link":"https:\/\/thelibreinstitute.org\/es\/volunteer\/","title":{"rendered":"Trabaje Como Voluntario"},"content":{"rendered":"<p>[vc_row padding_top=\u00bb0px\u00bb padding_bottom=\u00bb0px\u00bb border=\u00bbnone\u00bb][vc_column fade_animation_offset=\u00bb45px\u00bb width=\u00bb1\/1&#8243;][text_output]<\/p>\n<div style=\"color: white; font: normal 54pt oswald; text-align: center; background: url('\/\/thelibreinstitute.org\/wp-content\/uploads\/2015\/07\/volunteer.png') no-repeat scroll 0% 0% \/ contain; padding: 1em; text-transform: uppercase; letter-spacing: 0.05em;\">Voluntario<\/div>\n<p>[\/text_output][\/vc_column][\/vc_row][vc_row padding_top=\u00bb0px\u00bb padding_bottom=\u00bb0px\u00bb][vc_column fade_animation_offset=\u00bb45px\u00bb width=\u00bb1\/1&#8243;][text_output]The LIBRE Institute busca voluntarios que vivan en su \u00e1rea y que est\u00e9n interesados en hacer una diferencia. Complete el siguiente formulario de inscripci\u00f3n para trabajar con nosotros y lograr m\u00e1s libertad a trav\u00e9s de la educaci\u00f3n, la prosperidad econ\u00f3mica, la fe y la familia.[\/text_output][vc_raw_html]JTNDc3R5bGUlM0UlMEElMjNsYWJlbF8xMl85XzElMjAlN0IlMjBmb250LXNpemUlM0ElMjAxOHB4JTNCJTIwJTdEJTBBLmdmb3JtX2J1dHRvbiUyMCU3QiUwQSUyMCUyMCUyMCUyMGJhY2tncm91bmQtY29sb3IlM0ElMjAlMjMzMDg5YjYlMjAlMjFpbXBvcnRhbnQlM0IlMEElMjAlMjAlMjAlMjB0ZXh0LXNoYWRvdyUzQSUyMG5vbmUlMjAlMjFpbXBvcnRhbnQlM0IlMEElMjAlMjAlMjAlMjBjb2xvciUzQSUyMHdoaXRlJTIwJTIxaW1wb3J0YW50JTNCJTBBJTIwJTIwJTIwJTIwd2lkdGglM0ElMjAxMDAlMjUlMjAlMjFpbXBvcnRhbnQlM0IlMEElMjAlMjAlMjAlMjB0b3AlM0ElMjAtNXB4JTIwJTIxaW1wb3J0YW50JTNCJTBBJTIwJTIwJTIwJTIwYm94LXNoYWRvdyUzQSUyMG5vbmUlMjAlMjFpbXBvcnRhbnQlM0IlMEElMjAlMjAlMjAlMjBib3JkZXItY29sb3IlM0ElMjAlMjMzMDg5YjYlMjAlMjFpbXBvcnRhbnQlM0IlMEElN0QlMEElM0MlMkZzdHlsZSUzRSUwQSU1QmdyYXZpdHlmb3JtJTIwaWQlM0QlMjIxNyUyMiUyMHRpdGxlJTNEJTIyZmFsc2UlMjIlMjBkZXNjcmlwdGlvbiUzRCUyMmZhbHNlJTIyJTVE[\/vc_raw_html][\/vc_column][\/vc_row]<\/p>\n","protected":false},"excerpt":{"rendered":"<p>[vc_row padding_top=\u00bb0px\u00bb padding_bottom=\u00bb0px\u00bb border=\u00bbnone\u00bb][vc_column fade_animation_offset=\u00bb45px\u00bb width=\u00bb1\/1&#8243;][text_output] Voluntario [\/text_output][\/vc_column][\/vc_row][vc_row padding_top=\u00bb0px\u00bb padding_bottom=\u00bb0px\u00bb][vc_column fade_animation_offset=\u00bb45px\u00bb width=\u00bb1\/1&#8243;][text_output]The LIBRE Institute busca voluntarios que vivan en su \u00e1rea y&hellip;<\/p>\n","protected":false},"author":18,"featured_media":0,"parent":0,"menu_order":0,"comment_status":"closed","ping_status":"closed","template":"template-blank-1.php","meta":{"_acf_changed":false},"class_list":["post-3735","page","type-page","status-publish","hentry"],"acf":[],"yoast_head":"<!-- This site is optimized with the Yoast SEO plugin v27.3 - https:\/\/yoast.com\/product\/yoast-seo-wordpress\/ -->\n<title>Trabaje Como Voluntario - The LIBRE Institute<\/title>\n<meta name=\"robots\" content=\"index, follow, max-snippet:-1, max-image-preview:large, max-video-preview:-1\" \/>\n<link rel=\"canonical\" href=\"https:\/\/thelibreinstitute.org\/volunteer\/?lang=es\" \/>\n<meta property=\"og:locale\" content=\"es_ES\" \/>\n<meta property=\"og:type\" content=\"article\" \/>\n<meta property=\"og:title\" content=\"Trabaje Como Voluntario - The LIBRE Institute\" \/>\n<meta property=\"og:description\" content=\"[vc_row padding_top=\u00bb0px\u00bb padding_bottom=\u00bb0px\u00bb border=\u00bbnone\u00bb][vc_column fade_animation_offset=\u00bb45px\u00bb width=\u00bb1\/1&#8243;][text_output] Voluntario [\/text_output][\/vc_column][\/vc_row][vc_row padding_top=\u00bb0px\u00bb padding_bottom=\u00bb0px\u00bb][vc_column fade_animation_offset=\u00bb45px\u00bb width=\u00bb1\/1&#8243;][text_output]The LIBRE Institute busca voluntarios que vivan en su \u00e1rea y&hellip;\" \/>\n<meta property=\"og:url\" content=\"https:\/\/thelibreinstitute.org\/volunteer\/?lang=es\" \/>\n<meta property=\"og:site_name\" content=\"The LIBRE Institute\" \/>\n<meta property=\"article:publisher\" content=\"https:\/\/www.facebook.com\/TheLIBREInstitute\" \/>\n<meta property=\"article:modified_time\" content=\"2018-03-02T20:59:48+00:00\" \/>\n<meta property=\"og:image\" content=\"https:\/\/thelibreinstitute.org\/wp-content\/uploads\/2015\/10\/Institute-logo-with-SM-PNG.png\" \/>\n\t<meta property=\"og:image:width\" content=\"792\" \/>\n\t<meta property=\"og:image:height\" content=\"612\" \/>\n\t<meta property=\"og:image:type\" content=\"image\/png\" \/>\n<meta name=\"twitter:card\" content=\"summary_large_image\" \/>\n<meta name=\"twitter:site\" content=\"@libreinstitute\" \/>\n<script type=\"application\/ld+json\" class=\"yoast-schema-graph\">{\"@context\":\"https:\\\/\\\/schema.org\",\"@graph\":[{\"@type\":\"WebPage\",\"@id\":\"https:\\\/\\\/thelibreinstitute.org\\\/volunteer\\\/?lang=es\",\"url\":\"https:\\\/\\\/thelibreinstitute.org\\\/volunteer\\\/?lang=es\",\"name\":\"Trabaje Como Voluntario - The LIBRE Institute\",\"isPartOf\":{\"@id\":\"https:\\\/\\\/thelibreinstitute.org\\\/#website\"},\"datePublished\":\"2015-07-23T18:02:34+00:00\",\"dateModified\":\"2018-03-02T20:59:48+00:00\",\"breadcrumb\":{\"@id\":\"https:\\\/\\\/thelibreinstitute.org\\\/volunteer\\\/?lang=es#breadcrumb\"},\"inLanguage\":\"es\",\"potentialAction\":[{\"@type\":\"ReadAction\",\"target\":[\"https:\\\/\\\/thelibreinstitute.org\\\/volunteer\\\/?lang=es\"]}]},{\"@type\":\"BreadcrumbList\",\"@id\":\"https:\\\/\\\/thelibreinstitute.org\\\/volunteer\\\/?lang=es#breadcrumb\",\"itemListElement\":[{\"@type\":\"ListItem\",\"position\":1,\"name\":\"Home\",\"item\":\"https:\\\/\\\/thelibreinstitute.org\\\/?lang=es\"},{\"@type\":\"ListItem\",\"position\":2,\"name\":\"Trabaje Como Voluntario\"}]},{\"@type\":\"WebSite\",\"@id\":\"https:\\\/\\\/thelibreinstitute.org\\\/#website\",\"url\":\"https:\\\/\\\/thelibreinstitute.org\\\/\",\"name\":\"The LIBRE Institute\",\"description\":\"Freedom Drives Progress\",\"publisher\":{\"@id\":\"https:\\\/\\\/thelibreinstitute.org\\\/#organization\"},\"potentialAction\":[{\"@type\":\"SearchAction\",\"target\":{\"@type\":\"EntryPoint\",\"urlTemplate\":\"https:\\\/\\\/thelibreinstitute.org\\\/?s={search_term_string}\"},\"query-input\":{\"@type\":\"PropertyValueSpecification\",\"valueRequired\":true,\"valueName\":\"search_term_string\"}}],\"inLanguage\":\"es\"},{\"@type\":\"Organization\",\"@id\":\"https:\\\/\\\/thelibreinstitute.org\\\/#organization\",\"name\":\"The LIBRE Institute\",\"url\":\"https:\\\/\\\/thelibreinstitute.org\\\/\",\"logo\":{\"@type\":\"ImageObject\",\"inLanguage\":\"es\",\"@id\":\"https:\\\/\\\/thelibreinstitute.org\\\/#\\\/schema\\\/logo\\\/image\\\/\",\"url\":\"https:\\\/\\\/thelibreinstitute.org\\\/wp-content\\\/uploads\\\/2015\\\/10\\\/Institute-logo-with-SM-PNG.png\",\"contentUrl\":\"https:\\\/\\\/thelibreinstitute.org\\\/wp-content\\\/uploads\\\/2015\\\/10\\\/Institute-logo-with-SM-PNG.png\",\"width\":792,\"height\":612,\"caption\":\"The LIBRE Institute\"},\"image\":{\"@id\":\"https:\\\/\\\/thelibreinstitute.org\\\/#\\\/schema\\\/logo\\\/image\\\/\"},\"sameAs\":[\"https:\\\/\\\/www.facebook.com\\\/TheLIBREInstitute\",\"https:\\\/\\\/x.com\\\/libreinstitute\"]}]}<\/script>\n<!-- \/ Yoast SEO plugin. -->","yoast_head_json":{"title":"Trabaje Como Voluntario - The LIBRE Institute","robots":{"index":"index","follow":"follow","max-snippet":"max-snippet:-1","max-image-preview":"max-image-preview:large","max-video-preview":"max-video-preview:-1"},"canonical":"https:\/\/thelibreinstitute.org\/volunteer\/?lang=es","og_locale":"es_ES","og_type":"article","og_title":"Trabaje Como Voluntario - The LIBRE Institute","og_description":"[vc_row padding_top=\u00bb0px\u00bb padding_bottom=\u00bb0px\u00bb border=\u00bbnone\u00bb][vc_column fade_animation_offset=\u00bb45px\u00bb width=\u00bb1\/1&#8243;][text_output] Voluntario [\/text_output][\/vc_column][\/vc_row][vc_row padding_top=\u00bb0px\u00bb padding_bottom=\u00bb0px\u00bb][vc_column fade_animation_offset=\u00bb45px\u00bb width=\u00bb1\/1&#8243;][text_output]The LIBRE Institute busca voluntarios que vivan en su \u00e1rea y&hellip;","og_url":"https:\/\/thelibreinstitute.org\/volunteer\/?lang=es","og_site_name":"The LIBRE Institute","article_publisher":"https:\/\/www.facebook.com\/TheLIBREInstitute","article_modified_time":"2018-03-02T20:59:48+00:00","og_image":[{"width":792,"height":612,"url":"https:\/\/thelibreinstitute.org\/wp-content\/uploads\/2015\/10\/Institute-logo-with-SM-PNG.png","type":"image\/png"}],"twitter_card":"summary_large_image","twitter_site":"@libreinstitute","schema":{"@context":"https:\/\/schema.org","@graph":[{"@type":"WebPage","@id":"https:\/\/thelibreinstitute.org\/volunteer\/?lang=es","url":"https:\/\/thelibreinstitute.org\/volunteer\/?lang=es","name":"Trabaje Como Voluntario - The LIBRE Institute","isPartOf":{"@id":"https:\/\/thelibreinstitute.org\/#website"},"datePublished":"2015-07-23T18:02:34+00:00","dateModified":"2018-03-02T20:59:48+00:00","breadcrumb":{"@id":"https:\/\/thelibreinstitute.org\/volunteer\/?lang=es#breadcrumb"},"inLanguage":"es","potentialAction":[{"@type":"ReadAction","target":["https:\/\/thelibreinstitute.org\/volunteer\/?lang=es"]}]},{"@type":"BreadcrumbList","@id":"https:\/\/thelibreinstitute.org\/volunteer\/?lang=es#breadcrumb","itemListElement":[{"@type":"ListItem","position":1,"name":"Home","item":"https:\/\/thelibreinstitute.org\/?lang=es"},{"@type":"ListItem","position":2,"name":"Trabaje Como Voluntario"}]},{"@type":"WebSite","@id":"https:\/\/thelibreinstitute.org\/#website","url":"https:\/\/thelibreinstitute.org\/","name":"The LIBRE Institute","description":"Freedom Drives Progress","publisher":{"@id":"https:\/\/thelibreinstitute.org\/#organization"},"potentialAction":[{"@type":"SearchAction","target":{"@type":"EntryPoint","urlTemplate":"https:\/\/thelibreinstitute.org\/?s={search_term_string}"},"query-input":{"@type":"PropertyValueSpecification","valueRequired":true,"valueName":"search_term_string"}}],"inLanguage":"es"},{"@type":"Organization","@id":"https:\/\/thelibreinstitute.org\/#organization","name":"The LIBRE Institute","url":"https:\/\/thelibreinstitute.org\/","logo":{"@type":"ImageObject","inLanguage":"es","@id":"https:\/\/thelibreinstitute.org\/#\/schema\/logo\/image\/","url":"https:\/\/thelibreinstitute.org\/wp-content\/uploads\/2015\/10\/Institute-logo-with-SM-PNG.png","contentUrl":"https:\/\/thelibreinstitute.org\/wp-content\/uploads\/2015\/10\/Institute-logo-with-SM-PNG.png","width":792,"height":612,"caption":"The LIBRE Institute"},"image":{"@id":"https:\/\/thelibreinstitute.org\/#\/schema\/logo\/image\/"},"sameAs":["https:\/\/www.facebook.com\/TheLIBREInstitute","https:\/\/x.com\/libreinstitute"]}]}},"_links":{"self":[{"href":"https:\/\/thelibreinstitute.org\/es\/wp-json\/wp\/v2\/pages\/3735","targetHints":{"allow":["GET"]}}],"collection":[{"href":"https:\/\/thelibreinstitute.org\/es\/wp-json\/wp\/v2\/pages"}],"about":[{"href":"https:\/\/thelibreinstitute.org\/es\/wp-json\/wp\/v2\/types\/page"}],"author":[{"embeddable":true,"href":"https:\/\/thelibreinstitute.org\/es\/wp-json\/wp\/v2\/users\/18"}],"replies":[{"embeddable":true,"href":"https:\/\/thelibreinstitute.org\/es\/wp-json\/wp\/v2\/comments?post=3735"}],"version-history":[{"count":0,"href":"https:\/\/thelibreinstitute.org\/es\/wp-json\/wp\/v2\/pages\/3735\/revisions"}],"wp:attachment":[{"href":"https:\/\/thelibreinstitute.org\/es\/wp-json\/wp\/v2\/media?parent=3735"}],"curies":[{"name":"wp","href":"https:\/\/api.w.org\/{rel}","templated":true}]}}