{"id":3708,"date":"2016-05-05T16:13:24","date_gmt":"2016-05-05T20:13:24","guid":{"rendered":"http:\/\/thelibreinstitute.org\/ivette-diaz\/"},"modified":"2018-03-02T09:51:34","modified_gmt":"2018-03-02T14:51:34","slug":"ivette-diaz","status":"publish","type":"page","link":"https:\/\/thelibreinstitute.org\/es\/our-team\/ivette-diaz\/","title":{"rendered":"Ivette D\u00edaz"},"content":{"rendered":"<p>[vc_row padding_top=\u00bb20px\u00bb padding_bottom=\u00bb0px\u00bb border=\u00bbnone\u00bb][vc_column fade_animation=\u00bbin\u00bb fade_animation_offset=\u00bb45px\u00bb width=\u00bb1\/3&#8243; id=\u00bbstaff-item-fill\u00bb][image type=\u00bbthumbnail\u00bb float=\u00bbnone\u00bb info=\u00bbnone\u00bb info_place=\u00bbtop\u00bb info_trigger=\u00bbhover\u00bb src=\u00bb2399&#8243; alt=\u00bb\u00bb href=\u00bb\u00bb title=\u00bb\u00bb info_content=\u00bb\u00bb lightbox_caption=\u00bb\u00bb id=\u00bb\u00bb class=\u00bb\u00bb style=\u00bb\u00bb][custom_headline type=\u00bbcenter\u00bb level=\u00bbh4&#8243; looks_like=\u00bbh4&#8243;]Ivette D\u00edaz<\/p>\n<p>[\/custom_headline][text_output]<\/p>\n<p style=\"text-align: center;\">Gerente de Familia<\/p>\n<p>[\/text_output][\/vc_column][vc_column fade_animation_offset=\u00bb45px\u00bb width=\u00bb2\/3&#8243;][text_output]Ivette D\u00edaz es la Gerente de Familia del The LIBRE Institute. Anteriormente se desempe\u00f1\u00f3 como Directora de Campo en el estado de Colorado para The LIBRE Initiative, donde administr\u00f3 estrategias de alcance a nivel de todo el estado y esfuerzos de base comunitaria para promover los principios de libertad econ\u00f3mica con el prop\u00f3sito de empoderar a la comunidad hispana de los Estados Unidos.<\/p>\n<p>Antes de unirse a LIBRE, D\u00edaz trabaj\u00f3 como Directora Asociada de Relaciones con los Constituyentes en Focus como parte del Family\u2019s Focus Leadership Institute, donde lider\u00f3 la participaci\u00f3n estrat\u00e9gica con los socios de la organizaci\u00f3n, las universidades, los futuros estudiantes y los ex alumnos.<\/p>\n<p>D\u00edaz tambi\u00e9n recibi\u00f3 un nombramiento pol\u00edtico del presidente Bush para la Oficina de Iniciativas Religiosas y Comunitarias de la Casa Blanca, donde trabaj\u00f3 para promover soluciones basadas en la fe y en la comunidad para satisfacer las necesidades sociales. En este puesto, D\u00edaz program\u00f3 eventos basados en las mejores pr\u00e1cticas, sobre temas tales como la ciudadan\u00eda, el cuidado de crianza o foster care y la adopci\u00f3n.<\/p>\n<p>D\u00edaz ha llevado a cabo una variedad de funciones en el sector sin fines de lucro, y ha trabajado particularmente con poblaciones en riesgo. Ayud\u00f3 a implementar el programa de reingreso a la sociedad de prisioneros conocido como Ready4Work, en la ciudad de Los Angeles, el cual sirvi\u00f3 como modelo para la iniciativa President\u2019s Prisoner Reentry Initiative (PRI). Adem\u00e1s, ha trabajado en relaciones p\u00fablicas para las misiones de rescate m\u00e1s grandes y antiguas de la naci\u00f3n.<\/p>\n<p>D\u00edaz cuenta con un bachillerato en comunicaciones del Azusa Pacific University y estudi\u00f3 espa\u00f1ol en la Rep\u00fablica Dominicana.[\/text_output][\/vc_column][\/vc_row]<\/p>\n","protected":false},"excerpt":{"rendered":"<p>[vc_row padding_top=\u00bb20px\u00bb padding_bottom=\u00bb0px\u00bb border=\u00bbnone\u00bb][vc_column fade_animation=\u00bbin\u00bb fade_animation_offset=\u00bb45px\u00bb width=\u00bb1\/3&#8243; id=\u00bbstaff-item-fill\u00bb][image type=\u00bbthumbnail\u00bb float=\u00bbnone\u00bb info=\u00bbnone\u00bb info_place=\u00bbtop\u00bb info_trigger=\u00bbhover\u00bb src=\u00bb2399&#8243; alt=\u00bb\u00bb href=\u00bb\u00bb title=\u00bb\u00bb info_content=\u00bb\u00bb lightbox_caption=\u00bb\u00bb id=\u00bb\u00bb class=\u00bb\u00bb style=\u00bb\u00bb][custom_headline&hellip;<\/p>\n","protected":false},"author":18,"featured_media":0,"parent":3710,"menu_order":0,"comment_status":"closed","ping_status":"closed","template":"template-blank-1.php","meta":{"_acf_changed":false},"class_list":["post-3708","page","type-page","status-publish","hentry"],"acf":[],"yoast_head":"<!-- This site is optimized with the Yoast SEO plugin v27.3 - https:\/\/yoast.com\/product\/yoast-seo-wordpress\/ -->\n<title>Ivette D\u00edaz - The LIBRE Institute<\/title>\n<meta name=\"robots\" content=\"index, follow, max-snippet:-1, max-image-preview:large, max-video-preview:-1\" \/>\n<link rel=\"canonical\" href=\"https:\/\/thelibreinstitute.org\/our-team\/ivette-diaz\/?lang=es\" \/>\n<meta property=\"og:locale\" content=\"es_ES\" \/>\n<meta property=\"og:type\" content=\"article\" \/>\n<meta property=\"og:title\" content=\"Ivette D\u00edaz - The LIBRE Institute\" \/>\n<meta property=\"og:description\" content=\"[vc_row padding_top=\u00bb20px\u00bb padding_bottom=\u00bb0px\u00bb border=\u00bbnone\u00bb][vc_column fade_animation=\u00bbin\u00bb fade_animation_offset=\u00bb45px\u00bb width=\u00bb1\/3&#8243; id=\u00bbstaff-item-fill\u00bb][image type=\u00bbthumbnail\u00bb float=\u00bbnone\u00bb info=\u00bbnone\u00bb info_place=\u00bbtop\u00bb info_trigger=\u00bbhover\u00bb src=\u00bb2399&#8243; alt=\u00bb\u00bb href=\u00bb\u00bb title=\u00bb\u00bb info_content=\u00bb\u00bb lightbox_caption=\u00bb\u00bb id=\u00bb\u00bb class=\u00bb\u00bb style=\u00bb\u00bb][custom_headline&hellip;\" \/>\n<meta property=\"og:url\" content=\"https:\/\/thelibreinstitute.org\/our-team\/ivette-diaz\/?lang=es\" \/>\n<meta property=\"og:site_name\" content=\"The LIBRE Institute\" \/>\n<meta property=\"article:publisher\" content=\"https:\/\/www.facebook.com\/TheLIBREInstitute\" \/>\n<meta property=\"article:modified_time\" content=\"2018-03-02T14:51:34+00:00\" \/>\n<meta property=\"og:image\" content=\"https:\/\/thelibreinstitute.org\/wp-content\/uploads\/2015\/10\/Institute-logo-with-SM-PNG.png\" \/>\n\t<meta property=\"og:image:width\" content=\"792\" \/>\n\t<meta property=\"og:image:height\" content=\"612\" \/>\n\t<meta property=\"og:image:type\" content=\"image\/png\" \/>\n<meta name=\"twitter:card\" content=\"summary_large_image\" \/>\n<meta name=\"twitter:site\" content=\"@libreinstitute\" \/>\n<script type=\"application\/ld+json\" class=\"yoast-schema-graph\">{\"@context\":\"https:\\\/\\\/schema.org\",\"@graph\":[{\"@type\":\"WebPage\",\"@id\":\"https:\\\/\\\/thelibreinstitute.org\\\/our-team\\\/ivette-diaz\\\/?lang=es\",\"url\":\"https:\\\/\\\/thelibreinstitute.org\\\/our-team\\\/ivette-diaz\\\/?lang=es\",\"name\":\"Ivette D\u00edaz - The LIBRE Institute\",\"isPartOf\":{\"@id\":\"https:\\\/\\\/thelibreinstitute.org\\\/#website\"},\"datePublished\":\"2016-05-05T20:13:24+00:00\",\"dateModified\":\"2018-03-02T14:51:34+00:00\",\"breadcrumb\":{\"@id\":\"https:\\\/\\\/thelibreinstitute.org\\\/our-team\\\/ivette-diaz\\\/?lang=es#breadcrumb\"},\"inLanguage\":\"es\",\"potentialAction\":[{\"@type\":\"ReadAction\",\"target\":[\"https:\\\/\\\/thelibreinstitute.org\\\/our-team\\\/ivette-diaz\\\/?lang=es\"]}]},{\"@type\":\"BreadcrumbList\",\"@id\":\"https:\\\/\\\/thelibreinstitute.org\\\/our-team\\\/ivette-diaz\\\/?lang=es#breadcrumb\",\"itemListElement\":[{\"@type\":\"ListItem\",\"position\":1,\"name\":\"Home\",\"item\":\"https:\\\/\\\/thelibreinstitute.org\\\/?lang=es\"},{\"@type\":\"ListItem\",\"position\":2,\"name\":\"The LIBRE Institute Team\",\"item\":\"https:\\\/\\\/thelibreinstitute.org\\\/our-team\\\/?lang=es\"},{\"@type\":\"ListItem\",\"position\":3,\"name\":\"Ivette D\u00edaz\"}]},{\"@type\":\"WebSite\",\"@id\":\"https:\\\/\\\/thelibreinstitute.org\\\/#website\",\"url\":\"https:\\\/\\\/thelibreinstitute.org\\\/\",\"name\":\"The LIBRE Institute\",\"description\":\"Freedom Drives Progress\",\"publisher\":{\"@id\":\"https:\\\/\\\/thelibreinstitute.org\\\/#organization\"},\"potentialAction\":[{\"@type\":\"SearchAction\",\"target\":{\"@type\":\"EntryPoint\",\"urlTemplate\":\"https:\\\/\\\/thelibreinstitute.org\\\/?s={search_term_string}\"},\"query-input\":{\"@type\":\"PropertyValueSpecification\",\"valueRequired\":true,\"valueName\":\"search_term_string\"}}],\"inLanguage\":\"es\"},{\"@type\":\"Organization\",\"@id\":\"https:\\\/\\\/thelibreinstitute.org\\\/#organization\",\"name\":\"The LIBRE Institute\",\"url\":\"https:\\\/\\\/thelibreinstitute.org\\\/\",\"logo\":{\"@type\":\"ImageObject\",\"inLanguage\":\"es\",\"@id\":\"https:\\\/\\\/thelibreinstitute.org\\\/#\\\/schema\\\/logo\\\/image\\\/\",\"url\":\"https:\\\/\\\/thelibreinstitute.org\\\/wp-content\\\/uploads\\\/2015\\\/10\\\/Institute-logo-with-SM-PNG.png\",\"contentUrl\":\"https:\\\/\\\/thelibreinstitute.org\\\/wp-content\\\/uploads\\\/2015\\\/10\\\/Institute-logo-with-SM-PNG.png\",\"width\":792,\"height\":612,\"caption\":\"The LIBRE Institute\"},\"image\":{\"@id\":\"https:\\\/\\\/thelibreinstitute.org\\\/#\\\/schema\\\/logo\\\/image\\\/\"},\"sameAs\":[\"https:\\\/\\\/www.facebook.com\\\/TheLIBREInstitute\",\"https:\\\/\\\/x.com\\\/libreinstitute\"]}]}<\/script>\n<!-- \/ Yoast SEO plugin. -->","yoast_head_json":{"title":"Ivette D\u00edaz - The LIBRE Institute","robots":{"index":"index","follow":"follow","max-snippet":"max-snippet:-1","max-image-preview":"max-image-preview:large","max-video-preview":"max-video-preview:-1"},"canonical":"https:\/\/thelibreinstitute.org\/our-team\/ivette-diaz\/?lang=es","og_locale":"es_ES","og_type":"article","og_title":"Ivette D\u00edaz - The LIBRE Institute","og_description":"[vc_row padding_top=\u00bb20px\u00bb padding_bottom=\u00bb0px\u00bb border=\u00bbnone\u00bb][vc_column fade_animation=\u00bbin\u00bb fade_animation_offset=\u00bb45px\u00bb width=\u00bb1\/3&#8243; id=\u00bbstaff-item-fill\u00bb][image type=\u00bbthumbnail\u00bb float=\u00bbnone\u00bb info=\u00bbnone\u00bb info_place=\u00bbtop\u00bb info_trigger=\u00bbhover\u00bb src=\u00bb2399&#8243; alt=\u00bb\u00bb href=\u00bb\u00bb title=\u00bb\u00bb info_content=\u00bb\u00bb lightbox_caption=\u00bb\u00bb id=\u00bb\u00bb class=\u00bb\u00bb style=\u00bb\u00bb][custom_headline&hellip;","og_url":"https:\/\/thelibreinstitute.org\/our-team\/ivette-diaz\/?lang=es","og_site_name":"The LIBRE Institute","article_publisher":"https:\/\/www.facebook.com\/TheLIBREInstitute","article_modified_time":"2018-03-02T14:51:34+00:00","og_image":[{"width":792,"height":612,"url":"https:\/\/thelibreinstitute.org\/wp-content\/uploads\/2015\/10\/Institute-logo-with-SM-PNG.png","type":"image\/png"}],"twitter_card":"summary_large_image","twitter_site":"@libreinstitute","schema":{"@context":"https:\/\/schema.org","@graph":[{"@type":"WebPage","@id":"https:\/\/thelibreinstitute.org\/our-team\/ivette-diaz\/?lang=es","url":"https:\/\/thelibreinstitute.org\/our-team\/ivette-diaz\/?lang=es","name":"Ivette D\u00edaz - The LIBRE Institute","isPartOf":{"@id":"https:\/\/thelibreinstitute.org\/#website"},"datePublished":"2016-05-05T20:13:24+00:00","dateModified":"2018-03-02T14:51:34+00:00","breadcrumb":{"@id":"https:\/\/thelibreinstitute.org\/our-team\/ivette-diaz\/?lang=es#breadcrumb"},"inLanguage":"es","potentialAction":[{"@type":"ReadAction","target":["https:\/\/thelibreinstitute.org\/our-team\/ivette-diaz\/?lang=es"]}]},{"@type":"BreadcrumbList","@id":"https:\/\/thelibreinstitute.org\/our-team\/ivette-diaz\/?lang=es#breadcrumb","itemListElement":[{"@type":"ListItem","position":1,"name":"Home","item":"https:\/\/thelibreinstitute.org\/?lang=es"},{"@type":"ListItem","position":2,"name":"The LIBRE Institute Team","item":"https:\/\/thelibreinstitute.org\/our-team\/?lang=es"},{"@type":"ListItem","position":3,"name":"Ivette D\u00edaz"}]},{"@type":"WebSite","@id":"https:\/\/thelibreinstitute.org\/#website","url":"https:\/\/thelibreinstitute.org\/","name":"The LIBRE Institute","description":"Freedom Drives Progress","publisher":{"@id":"https:\/\/thelibreinstitute.org\/#organization"},"potentialAction":[{"@type":"SearchAction","target":{"@type":"EntryPoint","urlTemplate":"https:\/\/thelibreinstitute.org\/?s={search_term_string}"},"query-input":{"@type":"PropertyValueSpecification","valueRequired":true,"valueName":"search_term_string"}}],"inLanguage":"es"},{"@type":"Organization","@id":"https:\/\/thelibreinstitute.org\/#organization","name":"The LIBRE Institute","url":"https:\/\/thelibreinstitute.org\/","logo":{"@type":"ImageObject","inLanguage":"es","@id":"https:\/\/thelibreinstitute.org\/#\/schema\/logo\/image\/","url":"https:\/\/thelibreinstitute.org\/wp-content\/uploads\/2015\/10\/Institute-logo-with-SM-PNG.png","contentUrl":"https:\/\/thelibreinstitute.org\/wp-content\/uploads\/2015\/10\/Institute-logo-with-SM-PNG.png","width":792,"height":612,"caption":"The LIBRE Institute"},"image":{"@id":"https:\/\/thelibreinstitute.org\/#\/schema\/logo\/image\/"},"sameAs":["https:\/\/www.facebook.com\/TheLIBREInstitute","https:\/\/x.com\/libreinstitute"]}]}},"_links":{"self":[{"href":"https:\/\/thelibreinstitute.org\/es\/wp-json\/wp\/v2\/pages\/3708","targetHints":{"allow":["GET"]}}],"collection":[{"href":"https:\/\/thelibreinstitute.org\/es\/wp-json\/wp\/v2\/pages"}],"about":[{"href":"https:\/\/thelibreinstitute.org\/es\/wp-json\/wp\/v2\/types\/page"}],"author":[{"embeddable":true,"href":"https:\/\/thelibreinstitute.org\/es\/wp-json\/wp\/v2\/users\/18"}],"replies":[{"embeddable":true,"href":"https:\/\/thelibreinstitute.org\/es\/wp-json\/wp\/v2\/comments?post=3708"}],"version-history":[{"count":0,"href":"https:\/\/thelibreinstitute.org\/es\/wp-json\/wp\/v2\/pages\/3708\/revisions"}],"up":[{"embeddable":true,"href":"https:\/\/thelibreinstitute.org\/es\/wp-json\/wp\/v2\/pages\/3710"}],"wp:attachment":[{"href":"https:\/\/thelibreinstitute.org\/es\/wp-json\/wp\/v2\/media?parent=3708"}],"curies":[{"name":"wp","href":"https:\/\/api.w.org\/{rel}","templated":true}]}}