{"id":3636,"date":"2014-07-28T22:53:31","date_gmt":"2014-07-29T02:53:31","guid":{"rendered":"http:\/\/thelibreinstitute.org\/about-libre-institute\/"},"modified":"2026-04-10T14:46:28","modified_gmt":"2026-04-10T18:46:28","slug":"about-libre-institute","status":"publish","type":"page","link":"https:\/\/thelibreinstitute.org\/es\/about-libre-institute\/","title":{"rendered":"Sobre nosotros"},"content":{"rendered":"<p>[vc_row no_margin=\u00bbtrue\u00bb padding_top=\u00bb0px\u00bb padding_bottom=\u00bb0px\u00bb border=\u00bbnone\u00bb class=\u00bbabout-page\u00bb][vc_column fade_animation_offset=\u00bb45px\u00bb width=\u00bb2\/3&#8243;][custom_headline type=\u00bbleft\u00bb level=\u00bbh1&#8243; looks_like=\u00bbh1&#8243; id=\u00bb\u00bb class=\u00bb\u00bb style=\u00bb\u00bb]<\/p>\n<div align=\"left\">The LIBRE Institute involucra e informa a la comunidad hispana de los Estados Unidos<\/div>\n<p>[\/custom_headline][text_output]La organizaci\u00f3n The LIBRE Institute busca informar a la comunidad hispana de los Estados Unidos para que esta participe de los beneficios de una sociedad libre y abierta, ya que creemos que la libertad impulsa el progreso.<\/p>\n<p>A trav\u00e9s de nuestras Cuatro Columnas: La prosperidad econ\u00f3mica, la educaci\u00f3n, la fe y la familia, The LIBRE Institute empodera a los latinos para que alcancen el Sue\u00f1o Americano.<\/p>\n<p>Nosotros creemos que los principios de un gobierno limitado, los derechos de propiedad, el estado de derecho, un suministro seguro de dinero y una libre empresa, llevan a soluciones efectivas que resuelven los retos fiscales de nuestra naci\u00f3n y mejoran el bienestar general de nuestras comunidades.<\/p>\n<p>The LIBRE Institute es una organizaci\u00f3n 501(c)(3), no partidista y sin fines de lucro que sirve como un recurso confiable para ayudar a que los hispanos sean m\u00e1s pr\u00f3speros y a que dependen menos del gobierno. Nosotros proveemos las herramientas y la informaci\u00f3n necesarias para empoderar a la comunidad latina y que esta pueda construir un futuro exitosos en los Estados Unidos.<\/p>\n<p>Los Estados Unidos deben continuar siendo la tierra de oportunidades para todos \u2014 una sociedad que premie a aquellos que est\u00e1n dispuestos a trabajar duro para alcanzar sus sue\u00f1os.<\/p>\n<p>Nuestro equipo de trabajo y nuestros <a href=\"https:\/\/thelibreinstitute.ivolunteers.com\/Account\/Register\" target=\"_blank\" rel=\"noopener\">voluntarios<\/a> trabajan a trav\u00e9s de todos los Estados Unidos para proteger los valores que por generaciones han permitido que todas las personas puedan aspirar, trabajar para lograr y alcanzar el Sue\u00f1o Americano. Para m\u00e1s informaci\u00f3n comun\u00edquese con nosotros a trav\u00e9s del email <a href=\"mailto:info@thelibreinstitute.org\">info@thelibreinstitute.org<\/a>.[\/text_output][\/vc_column][vc_column fade_animation=\u00bbin\u00bb fade_animation_offset=\u00bb45px\u00bb width=\u00bb1\/3&#8243; class=\u00bbabout-sidebar\u00bb][text_output]<\/p>\n<div id=\"about-contact\">\n<h2>Cont\u00e1ctenos<\/h2>\n<p><b>Direcci\u00f3n Postal<\/b><br \/>\nThe LIBRE Institute<br \/>\n1310 N. Courthouse Rd., Ste. 700<br \/>\nArlington, VA 22201-1324<\/p>\n<p><b>Email<\/b>: <a href=\"mailto:info@libreinstitute.org\">info@thelibreinstitute.org <\/a><\/p>\n<p><b>N\u00famero de Tel\u00e9fono<\/b>: 844-564-6542<\/p>\n<\/div>\n<p>[\/text_output][gap size=\u00bb1.313em\u00bb][text_output]<\/p>\n<div id=\"about-contact\">\n<h2>Para Consultas De La Prensa<\/h2>\n<p>Favor de enviar un email a <a href=\"mailto:press@thelibreinstitute.org\">press@thelibreinstitute.org<\/a> o llamar al n\u00famero 703-224-3196<\/p>\n<\/div>\n<p>[\/text_output][gap size=\u00bb1.313em\u00bb][text_output]<\/p>\n<h2>Los Pr\u00f3ximos Eventos<\/h2>\n<p>[\/text_output][text_output][add_eventon cal_id=&#8217;1&#8242; hide_past=\u00bbyes\u00bb event_count=\u00bb4&#8243;][\/text_output][\/vc_column][\/vc_row]<\/p>\n","protected":false},"excerpt":{"rendered":"<p>[vc_row no_margin=\u00bbtrue\u00bb padding_top=\u00bb0px\u00bb padding_bottom=\u00bb0px\u00bb border=\u00bbnone\u00bb class=\u00bbabout-page\u00bb][vc_column fade_animation_offset=\u00bb45px\u00bb width=\u00bb2\/3&#8243;][custom_headline type=\u00bbleft\u00bb level=\u00bbh1&#8243; looks_like=\u00bbh1&#8243; id=\u00bb\u00bb class=\u00bb\u00bb style=\u00bb\u00bb] The LIBRE Institute involucra e informa a la&hellip;<\/p>\n","protected":false},"author":18,"featured_media":0,"parent":0,"menu_order":0,"comment_status":"closed","ping_status":"closed","template":"","meta":{"_acf_changed":false},"class_list":["post-3636","page","type-page","status-publish","hentry"],"acf":[],"yoast_head":"<!-- This site is optimized with the Yoast SEO plugin v27.3 - https:\/\/yoast.com\/product\/yoast-seo-wordpress\/ -->\n<title>Sobre nosotros - The LIBRE Institute<\/title>\n<meta name=\"robots\" content=\"index, follow, max-snippet:-1, max-image-preview:large, max-video-preview:-1\" \/>\n<link rel=\"canonical\" href=\"https:\/\/thelibreinstitute.org\/about-libre-institute\/?lang=es\" \/>\n<meta property=\"og:locale\" content=\"es_ES\" \/>\n<meta property=\"og:type\" content=\"article\" \/>\n<meta property=\"og:title\" content=\"Sobre nosotros - The LIBRE Institute\" \/>\n<meta property=\"og:description\" content=\"[vc_row no_margin=\u00bbtrue\u00bb padding_top=\u00bb0px\u00bb padding_bottom=\u00bb0px\u00bb border=\u00bbnone\u00bb class=\u00bbabout-page\u00bb][vc_column fade_animation_offset=\u00bb45px\u00bb width=\u00bb2\/3&#8243;][custom_headline type=\u00bbleft\u00bb level=\u00bbh1&#8243; looks_like=\u00bbh1&#8243; id=\u00bb\u00bb class=\u00bb\u00bb style=\u00bb\u00bb] The LIBRE Institute involucra e informa a la&hellip;\" \/>\n<meta property=\"og:url\" content=\"https:\/\/thelibreinstitute.org\/about-libre-institute\/?lang=es\" \/>\n<meta property=\"og:site_name\" content=\"The LIBRE Institute\" \/>\n<meta property=\"article:publisher\" content=\"https:\/\/www.facebook.com\/TheLIBREInstitute\" \/>\n<meta property=\"article:modified_time\" content=\"2026-04-10T18:46:28+00:00\" \/>\n<meta property=\"og:image\" content=\"https:\/\/thelibreinstitute.org\/wp-content\/uploads\/2015\/10\/Institute-logo-with-SM-PNG.png\" \/>\n\t<meta property=\"og:image:width\" content=\"792\" \/>\n\t<meta property=\"og:image:height\" content=\"612\" \/>\n\t<meta property=\"og:image:type\" content=\"image\/png\" \/>\n<meta name=\"twitter:card\" content=\"summary_large_image\" \/>\n<meta name=\"twitter:site\" content=\"@libreinstitute\" \/>\n<script type=\"application\/ld+json\" class=\"yoast-schema-graph\">{\"@context\":\"https:\\\/\\\/schema.org\",\"@graph\":[{\"@type\":\"WebPage\",\"@id\":\"https:\\\/\\\/thelibreinstitute.org\\\/about-libre-institute\\\/?lang=es\",\"url\":\"https:\\\/\\\/thelibreinstitute.org\\\/about-libre-institute\\\/?lang=es\",\"name\":\"Sobre nosotros - The LIBRE Institute\",\"isPartOf\":{\"@id\":\"https:\\\/\\\/thelibreinstitute.org\\\/#website\"},\"datePublished\":\"2014-07-29T02:53:31+00:00\",\"dateModified\":\"2026-04-10T18:46:28+00:00\",\"breadcrumb\":{\"@id\":\"https:\\\/\\\/thelibreinstitute.org\\\/about-libre-institute\\\/?lang=es#breadcrumb\"},\"inLanguage\":\"es\",\"potentialAction\":[{\"@type\":\"ReadAction\",\"target\":[\"https:\\\/\\\/thelibreinstitute.org\\\/about-libre-institute\\\/?lang=es\"]}]},{\"@type\":\"BreadcrumbList\",\"@id\":\"https:\\\/\\\/thelibreinstitute.org\\\/about-libre-institute\\\/?lang=es#breadcrumb\",\"itemListElement\":[{\"@type\":\"ListItem\",\"position\":1,\"name\":\"Home\",\"item\":\"https:\\\/\\\/thelibreinstitute.org\\\/?lang=es\"},{\"@type\":\"ListItem\",\"position\":2,\"name\":\"About\"}]},{\"@type\":\"WebSite\",\"@id\":\"https:\\\/\\\/thelibreinstitute.org\\\/#website\",\"url\":\"https:\\\/\\\/thelibreinstitute.org\\\/\",\"name\":\"The LIBRE Institute\",\"description\":\"Freedom Drives Progress\",\"publisher\":{\"@id\":\"https:\\\/\\\/thelibreinstitute.org\\\/#organization\"},\"potentialAction\":[{\"@type\":\"SearchAction\",\"target\":{\"@type\":\"EntryPoint\",\"urlTemplate\":\"https:\\\/\\\/thelibreinstitute.org\\\/?s={search_term_string}\"},\"query-input\":{\"@type\":\"PropertyValueSpecification\",\"valueRequired\":true,\"valueName\":\"search_term_string\"}}],\"inLanguage\":\"es\"},{\"@type\":\"Organization\",\"@id\":\"https:\\\/\\\/thelibreinstitute.org\\\/#organization\",\"name\":\"The LIBRE Institute\",\"url\":\"https:\\\/\\\/thelibreinstitute.org\\\/\",\"logo\":{\"@type\":\"ImageObject\",\"inLanguage\":\"es\",\"@id\":\"https:\\\/\\\/thelibreinstitute.org\\\/#\\\/schema\\\/logo\\\/image\\\/\",\"url\":\"https:\\\/\\\/thelibreinstitute.org\\\/wp-content\\\/uploads\\\/2015\\\/10\\\/Institute-logo-with-SM-PNG.png\",\"contentUrl\":\"https:\\\/\\\/thelibreinstitute.org\\\/wp-content\\\/uploads\\\/2015\\\/10\\\/Institute-logo-with-SM-PNG.png\",\"width\":792,\"height\":612,\"caption\":\"The LIBRE Institute\"},\"image\":{\"@id\":\"https:\\\/\\\/thelibreinstitute.org\\\/#\\\/schema\\\/logo\\\/image\\\/\"},\"sameAs\":[\"https:\\\/\\\/www.facebook.com\\\/TheLIBREInstitute\",\"https:\\\/\\\/x.com\\\/libreinstitute\"]}]}<\/script>\n<!-- \/ Yoast SEO plugin. -->","yoast_head_json":{"title":"Sobre nosotros - The LIBRE Institute","robots":{"index":"index","follow":"follow","max-snippet":"max-snippet:-1","max-image-preview":"max-image-preview:large","max-video-preview":"max-video-preview:-1"},"canonical":"https:\/\/thelibreinstitute.org\/about-libre-institute\/?lang=es","og_locale":"es_ES","og_type":"article","og_title":"Sobre nosotros - The LIBRE Institute","og_description":"[vc_row no_margin=\u00bbtrue\u00bb padding_top=\u00bb0px\u00bb padding_bottom=\u00bb0px\u00bb border=\u00bbnone\u00bb class=\u00bbabout-page\u00bb][vc_column fade_animation_offset=\u00bb45px\u00bb width=\u00bb2\/3&#8243;][custom_headline type=\u00bbleft\u00bb level=\u00bbh1&#8243; looks_like=\u00bbh1&#8243; id=\u00bb\u00bb class=\u00bb\u00bb style=\u00bb\u00bb] The LIBRE Institute involucra e informa a la&hellip;","og_url":"https:\/\/thelibreinstitute.org\/about-libre-institute\/?lang=es","og_site_name":"The LIBRE Institute","article_publisher":"https:\/\/www.facebook.com\/TheLIBREInstitute","article_modified_time":"2026-04-10T18:46:28+00:00","og_image":[{"width":792,"height":612,"url":"https:\/\/thelibreinstitute.org\/wp-content\/uploads\/2015\/10\/Institute-logo-with-SM-PNG.png","type":"image\/png"}],"twitter_card":"summary_large_image","twitter_site":"@libreinstitute","schema":{"@context":"https:\/\/schema.org","@graph":[{"@type":"WebPage","@id":"https:\/\/thelibreinstitute.org\/about-libre-institute\/?lang=es","url":"https:\/\/thelibreinstitute.org\/about-libre-institute\/?lang=es","name":"Sobre nosotros - The LIBRE Institute","isPartOf":{"@id":"https:\/\/thelibreinstitute.org\/#website"},"datePublished":"2014-07-29T02:53:31+00:00","dateModified":"2026-04-10T18:46:28+00:00","breadcrumb":{"@id":"https:\/\/thelibreinstitute.org\/about-libre-institute\/?lang=es#breadcrumb"},"inLanguage":"es","potentialAction":[{"@type":"ReadAction","target":["https:\/\/thelibreinstitute.org\/about-libre-institute\/?lang=es"]}]},{"@type":"BreadcrumbList","@id":"https:\/\/thelibreinstitute.org\/about-libre-institute\/?lang=es#breadcrumb","itemListElement":[{"@type":"ListItem","position":1,"name":"Home","item":"https:\/\/thelibreinstitute.org\/?lang=es"},{"@type":"ListItem","position":2,"name":"About"}]},{"@type":"WebSite","@id":"https:\/\/thelibreinstitute.org\/#website","url":"https:\/\/thelibreinstitute.org\/","name":"The LIBRE Institute","description":"Freedom Drives Progress","publisher":{"@id":"https:\/\/thelibreinstitute.org\/#organization"},"potentialAction":[{"@type":"SearchAction","target":{"@type":"EntryPoint","urlTemplate":"https:\/\/thelibreinstitute.org\/?s={search_term_string}"},"query-input":{"@type":"PropertyValueSpecification","valueRequired":true,"valueName":"search_term_string"}}],"inLanguage":"es"},{"@type":"Organization","@id":"https:\/\/thelibreinstitute.org\/#organization","name":"The LIBRE Institute","url":"https:\/\/thelibreinstitute.org\/","logo":{"@type":"ImageObject","inLanguage":"es","@id":"https:\/\/thelibreinstitute.org\/#\/schema\/logo\/image\/","url":"https:\/\/thelibreinstitute.org\/wp-content\/uploads\/2015\/10\/Institute-logo-with-SM-PNG.png","contentUrl":"https:\/\/thelibreinstitute.org\/wp-content\/uploads\/2015\/10\/Institute-logo-with-SM-PNG.png","width":792,"height":612,"caption":"The LIBRE Institute"},"image":{"@id":"https:\/\/thelibreinstitute.org\/#\/schema\/logo\/image\/"},"sameAs":["https:\/\/www.facebook.com\/TheLIBREInstitute","https:\/\/x.com\/libreinstitute"]}]}},"_links":{"self":[{"href":"https:\/\/thelibreinstitute.org\/es\/wp-json\/wp\/v2\/pages\/3636","targetHints":{"allow":["GET"]}}],"collection":[{"href":"https:\/\/thelibreinstitute.org\/es\/wp-json\/wp\/v2\/pages"}],"about":[{"href":"https:\/\/thelibreinstitute.org\/es\/wp-json\/wp\/v2\/types\/page"}],"author":[{"embeddable":true,"href":"https:\/\/thelibreinstitute.org\/es\/wp-json\/wp\/v2\/users\/18"}],"replies":[{"embeddable":true,"href":"https:\/\/thelibreinstitute.org\/es\/wp-json\/wp\/v2\/comments?post=3636"}],"version-history":[{"count":1,"href":"https:\/\/thelibreinstitute.org\/es\/wp-json\/wp\/v2\/pages\/3636\/revisions"}],"predecessor-version":[{"id":11221,"href":"https:\/\/thelibreinstitute.org\/es\/wp-json\/wp\/v2\/pages\/3636\/revisions\/11221"}],"wp:attachment":[{"href":"https:\/\/thelibreinstitute.org\/es\/wp-json\/wp\/v2\/media?parent=3636"}],"curies":[{"name":"wp","href":"https:\/\/api.w.org\/{rel}","templated":true}]}}